{"id":2737,"date":"2022-01-10T08:51:36","date_gmt":"2022-01-10T08:51:36","guid":{"rendered":"https:\/\/risk-consulting.de\/?page_id=2737"},"modified":"2022-03-07T09:38:15","modified_gmt":"2022-03-07T09:38:15","slug":"cde","status":"publish","type":"page","link":"https:\/\/risk-consulting.de\/es\/soluciones\/cde\/","title":{"rendered":"CDE\u00ae"},"content":{"rendered":"<div class=\"wpb-content-wrapper\"><p>[vc_row bg_type=\u00bb\u00bb dima_canvas_style=\u00bb\u00bb translate_x=\u00bb0&#8243; dima_z_index=\u00bb0&#8243; delay=\u00bb\u00bb delay_duration=\u00bb\u00bb delay_offset=\u00bb\u00bb][vc_column min_height=\u00bb\u00bb bg_type=\u00bb\u00bb dima_canvas_style=\u00bb\u00bb translate_x=\u00bb0&#8243; dima_z_index=\u00bb0&#8243; delay=\u00bb\u00bb delay_duration=\u00bb\u00bb delay_offset=\u00bb\u00bb width=\u00bb1\/1&#8243;]<h1>CDE<sup>\u00ae<\/sup><\/h1>\n<h4>Recopilaci\u00f3n inteligente de datos m\u00e9dicos en funci\u00f3n de la situaci\u00f3n<\/h4>\n[vc_row_inner bg_type=\u00bb\u00bb dima_canvas_style=\u00bb\u00bb translate_x=\u00bb0&#8243; dima_z_index=\u00bb0&#8243; id=\u00bb\u00bb class=\u00bb\u00bb style=\u00bb\u00bb border_color=\u00bb\u00bb css=\u00bb.vc_custom_1629290830395{margin-top: 30px !important;}\u00bb][vc_column_inner delay=\u00bb\u00bb delay_duration=\u00bb\u00bb delay_offset=\u00bb\u00bb translate_x=\u00bb0&#8243; dima_z_index=\u00bb0&#8243; width=\u00bb1\/2&#8243;]<p>RISK-CONSULTING ha desarrollado un di\u00e1logo de preguntas interactivo, basado en la estad\u00edstica, para recopilar el historial m\u00e9dico de un solicitante. El algoritmo del sistema de exploraci\u00f3n de diagn\u00f3stico sensible al contexto CDE<sup>\u00ae<\/sup> decide para cada solicitante y cada producto qu\u00e9 se le preguntar\u00e1, en qu\u00e9 profundidad y secuencia. CDE<sup>\u00ae<\/sup> har\u00e1 preguntas de seguimiento, por ejemplo, sobre la gravedad o la ubicaci\u00f3n de una condici\u00f3n m\u00e9dica. Esto a menudo elimina la necesidad de solicitar m\u00e1s informaci\u00f3n o pedir un informe m\u00e9dico. CDE<sup>\u00ae<\/sup> plantea preguntas simples y revisa las respuestas en una fracci\u00f3n de segundo, adaptando la ruta de las preguntas en tiempo real para hacer todas las preguntas importantes, pero en la menor cantidad posible. La ruta de la pregunta interactiva est\u00e1 determinada por un modelo de red de probabilidad.<\/p>\n[\/vc_column_inner][vc_column_inner delay=\u00bb\u00bb delay_duration=\u00bb\u00bb delay_offset=\u00bb\u00bb translate_x=\u00bb0&#8243; dima_z_index=\u00bb0&#8243; width=\u00bb1\/2&#8243;]<p>CDE<sup>\u00ae<\/sup> est\u00e1 basado en la web, accesible en cualquier momento y desde cualquier lugar. Al ser un sistema multiling\u00fce, las aseguradoras pueden implementarlo en pa\u00edses con m\u00e1s de un idioma, o incluso en varios pa\u00edses. A trav\u00e9s de la recopilaci\u00f3n completa y digital de los datos m\u00e9dicos, CDE<sup>\u00ae<\/sup> permite la emisi\u00f3n inmediata de la p\u00f3liza en el punto de venta y apoya la digitalizaci\u00f3n del proceso de solicitud. Google y S\u00fcddeutsche Zeitung, un importante peri\u00f3dico alem\u00e1n, otorgaron a RISK-CONSULTING el premio \u00abForward Thinker\u00bb por CDE<sup>\u00ae<\/sup> en su concurso Digital Lighthouse 2018 por los avances en la digitalizaci\u00f3n del sector de seguros.<\/p>\n[\/vc_column_inner][\/vc_row_inner][\/vc_column][\/vc_row][vc_row bg_type=\u00bb\u00bb dima_canvas_style=\u00bb\u00bb translate_x=\u00bb0&#8243; dima_z_index=\u00bb0&#8243; delay=\u00bb\u00bb delay_duration=\u00bb\u00bb delay_offset=\u00bb\u00bb id=\u00bb\u00bb class=\u00bb\u00bb css=\u00bb.vc_custom_1630937064711{margin-top: -120px !important;}\u00bb border_color=\u00bb\u00bb][vc_column min_height=\u00bb\u00bb bg_type=\u00bb\u00bb dima_canvas_style=\u00bb\u00bb translate_x=\u00bb0&#8243; dima_z_index=\u00bb0&#8243; delay=\u00bb\u00bb delay_duration=\u00bb\u00bb delay_offset=\u00bb\u00bb width=\u00bb1\/2&#8243; id=\u00bb\u00bb class=\u00bb\u00bb style=\u00bb\u00bb css=\u00bb.vc_custom_1630066748623{background-color: #ffffff !important;}\u00bb border_color=\u00bb\u00bb]<h4>Ventajas de usar CDE<sup>\u00ae<\/sup><\/h4>\n<ul>\n<li>Recopilaci\u00f3n del historial cl\u00ednico en el punto de venta en varios idiomas<\/li>\n<li>Registro sistem\u00e1tico de todas las enfermedades seg\u00fan el sistema CIE-10<\/li>\n<li>Secuencia de preguntas en funci\u00f3n de la situaci\u00f3n basada en probabilidades<\/li>\n<li>Di\u00e1logo interactivo impulsado por el producto, la persona y la informaci\u00f3n ya proporcionada en el proceso de pregunta<\/li>\n<li>Cuando se combina con AktuarMed<sup>\u00ae<\/sup>, es posible tomar una decisi\u00f3n de suscripci\u00f3n inmediata en el punto de venta<\/li>\n<li>Aceleraci\u00f3n significativa del proceso y aumento del proceso de solicitud<\/li>\n<li>Alivio masivo para los suscriptores, ya que solo unos pocos casos se remiten para su revisi\u00f3n, seg\u00fan las reglas especificadas anteriormente<\/li>\n<li>Las respuestas claramente documentadas a las preguntas planteadas por CDE<sup>\u00ae<\/sup> aumentan la seguridad jur\u00eddica<\/li>\n<\/ul>\n[\/vc_column][vc_column min_height=\u00bb\u00bb bg_type=\u00bb\u00bb dima_canvas_style=\u00bb\u00bb translate_x=\u00bb0&#8243; dima_z_index=\u00bb0&#8243; delay=\u00bb\u00bb delay_duration=\u00bb\u00bb delay_offset=\u00bb\u00bb width=\u00bb1\/2&#8243;][vc_single_image image=\u00bb2010&#8243; img_size=\u00bblarge\u00bb][\/vc_column][\/vc_row][vc_row bg_type=\u00bb\u00bb dima_canvas_style=\u00bb\u00bb translate_x=\u00bb0&#8243; dima_z_index=\u00bb0&#8243; delay=\u00bb\u00bb delay_duration=\u00bb\u00bb delay_offset=\u00bb\u00bb id=\u00bb\u00bb class=\u00bb\u00bb css=\u00bb.vc_custom_1610706734784{background-color: rgba(0,108,204,0.37) !important;*background-color: rgb(0,108,204) !important;}\u00bb border_color=\u00bb\u00bb][vc_column min_height=\u00bb\u00bb bg_type=\u00bb\u00bb dima_canvas_style=\u00bb\u00bb translate_x=\u00bb0&#8243; dima_z_index=\u00bb0&#8243; delay=\u00bb\u00bb delay_duration=\u00bb\u00bb delay_offset=\u00bb\u00bb width=\u00bb2\/3&#8243;]<h2  class=\"dima-custom-heading\" >Suscripci\u00f3n din\u00e1mica en seguros de vida y salud<\/h2><h3  class=\"dima-custom-heading\" ><\/p>\n<h4>Combinando AktuarMed<sup>\u00ae<\/sup> y CDE<sup>\u00ae<\/sup><\/h4>\n<p><\/h3><p>\u00bfPor qu\u00e9 los solicitantes tienen que responder a docenas de preguntas m\u00e9dicas durante una solicitud, esperar d\u00edas o semanas para recibir una respuesta y, a menudo, necesitan responder todav\u00eda a m\u00e1s preguntas o proporcionar informes de sus m\u00e9dicos? RISK-CONSULTING ha desarrollado un nuevo enfoque en el que se gu\u00eda al solicitante por un di\u00e1logo interactivo de preguntas digitales donde no se hacen preguntas innecesarias y se toma una decisi\u00f3n de suscripci\u00f3n inmediata. Los macrodatos y el an\u00e1lisis de datos avanzado permiten la optimizaci\u00f3n del proceso y la generaci\u00f3n de decisiones de suscripci\u00f3n basadas en cientos de millones de a\u00f1os de pruebas m\u00e9dicas, mucho m\u00e1s de lo que un humano puede acceder.<\/p>\n<p>El nuevo proceso no est\u00e1 dise\u00f1ado para eliminar por completo la suscripci\u00f3n humana, pero significar\u00e1 que los suscriptores solo necesitan mirar las solicitudes que realmente merecen su intervenci\u00f3n. Por lo tanto, la aseguradora puede entregar un presupuesto vinculante que incluya documentaci\u00f3n de la p\u00f3liza en solo minutos para m\u00e1s del 90 % de las solicitudes. El primer paso para recopilar el historial m\u00e9dico del solicitante lo realiza la galardonada herramienta de RISK-CONSULTING para la exploraci\u00f3n de diagn\u00f3stico sensible al contexto CDE<sup>\u00ae<\/sup>. A continuaci\u00f3n, CDE<sup>\u00ae<\/sup> pasa los datos de la solicitud al sistema de suscripci\u00f3n basado en evidencias de RISK-CONSULTING, AktuarMed<sup>\u00ae<\/sup>, que realiza la evaluaci\u00f3n de riesgos.<\/p>\n[vc_btn title=\u00bbAktuarMed<sup>\u00ae<\/sup>\u00bb style=\u00bbflat\u00bb shape=\u00bbround\u00bb color=\u00bbprimary\u00bb size=\u00bblg\u00bb align=\u00bbcenter\u00bb i_icon_fontawesome=\u00bbfas fa-heartbeat\u00bb add_icon=\u00bbtrue\u00bb link=\u00bburl:https%3A%2F%2Frisk-consulting.de%2Fes%2Fproductos%2Faktuarmed%2F|title:AktuarMed%C2%AE\u00bb][\/vc_column][vc_column min_height=\u00bb\u00bb bg_type=\u00bb\u00bb dima_canvas_style=\u00bb\u00bb translate_x=\u00bb0&#8243; dima_z_index=\u00bb0&#8243; delay=\u00bb\u00bb delay_duration=\u00bb\u00bb delay_offset=\u00bb\u00bb width=\u00bb1\/3&#8243;][vc_single_image image=\u00bb2003&#8243; img_size=\u00bbfull\u00bb][\/vc_column][\/vc_row]<\/p>\n<\/div>","protected":false},"excerpt":{"rendered":"<p>[vc_row bg_type=\u00bb\u00bb dima_canvas_style=\u00bb\u00bb translate_x=\u00bb0&#8243; dima_z_index=\u00bb0&#8243; delay=\u00bb\u00bb delay_duration=\u00bb\u00bb delay_offset=\u00bb\u00bb][vc_column min_height=\u00bb\u00bb bg_type=\u00bb\u00bb dima_canvas_style=\u00bb\u00bb translate_x=\u00bb0&#8243; dima_z_index=\u00bb0&#8243; delay=\u00bb\u00bb delay_duration=\u00bb\u00bb delay_offset=\u00bb\u00bb width=\u00bb1\/1&#8243;][vc_row_inner bg_type=\u00bb\u00bb dima_canvas_style=\u00bb\u00bb translate_x=\u00bb0&#8243; dima_z_index=\u00bb0&#8243; id=\u00bb\u00bb class=\u00bb\u00bb style=\u00bb\u00bb border_color=\u00bb\u00bb css=\u00bb.vc_custom_1629290830395{margin-top: 30px !important;}\u00bb][vc_column_inner delay=\u00bb\u00bb delay_duration=\u00bb\u00bb delay_offset=\u00bb\u00bb translate_x=\u00bb0&#8243; dima_z_index=\u00bb0&#8243; width=\u00bb1\/2&#8243;][\/vc_column_inner][vc_column_inner delay=\u00bb\u00bb delay_duration=\u00bb\u00bb delay_offset=\u00bb\u00bb translate_x=\u00bb0&#8243; dima_z_index=\u00bb0&#8243; width=\u00bb1\/2&#8243;][\/vc_column_inner][\/vc_row_inner][\/vc_column][\/vc_row][vc_row bg_type=\u00bb\u00bb dima_canvas_style=\u00bb\u00bb translate_x=\u00bb0&#8243; dima_z_index=\u00bb0&#8243; delay=\u00bb\u00bb delay_duration=\u00bb\u00bb delay_offset=\u00bb\u00bb id=\u00bb\u00bb class=\u00bb\u00bb css=\u00bb.vc_custom_1630937064711{margin-top: -120px !important;}\u00bb border_color=\u00bb\u00bb][vc_column min_height=\u00bb\u00bb bg_type=\u00bb\u00bb [&hellip;]<\/p>\n","protected":false},"author":4,"featured_media":0,"parent":2695,"menu_order":0,"comment_status":"closed","ping_status":"closed","template":"","meta":{"footnotes":""},"class_list":["post-2737","page","type-page","status-publish","hentry"],"_links":{"self":[{"href":"https:\/\/risk-consulting.de\/es\/wp-json\/wp\/v2\/pages\/2737"}],"collection":[{"href":"https:\/\/risk-consulting.de\/es\/wp-json\/wp\/v2\/pages"}],"about":[{"href":"https:\/\/risk-consulting.de\/es\/wp-json\/wp\/v2\/types\/page"}],"author":[{"embeddable":true,"href":"https:\/\/risk-consulting.de\/es\/wp-json\/wp\/v2\/users\/4"}],"replies":[{"embeddable":true,"href":"https:\/\/risk-consulting.de\/es\/wp-json\/wp\/v2\/comments?post=2737"}],"version-history":[{"count":10,"href":"https:\/\/risk-consulting.de\/es\/wp-json\/wp\/v2\/pages\/2737\/revisions"}],"predecessor-version":[{"id":2860,"href":"https:\/\/risk-consulting.de\/es\/wp-json\/wp\/v2\/pages\/2737\/revisions\/2860"}],"up":[{"embeddable":true,"href":"https:\/\/risk-consulting.de\/es\/wp-json\/wp\/v2\/pages\/2695"}],"wp:attachment":[{"href":"https:\/\/risk-consulting.de\/es\/wp-json\/wp\/v2\/media?parent=2737"}],"curies":[{"name":"wp","href":"https:\/\/api.w.org\/{rel}","templated":true}]}}