{"id":2732,"date":"2022-01-10T08:44:45","date_gmt":"2022-01-10T08:44:45","guid":{"rendered":"https:\/\/risk-consulting.de\/?page_id=2732"},"modified":"2022-03-07T09:39:54","modified_gmt":"2022-03-07T09:39:54","slug":"analyser","status":"publish","type":"page","link":"https:\/\/risk-consulting.de\/es\/soluciones\/analyser\/","title":{"rendered":"Analyser"},"content":{"rendered":"<div class=\"wpb-content-wrapper\"><p>[vc_row bg_type=\u00bb\u00bb dima_canvas_style=\u00bb\u00bb translate_x=\u00bb0&#8243; dima_z_index=\u00bb0&#8243; delay=\u00bb\u00bb delay_duration=\u00bb\u00bb delay_offset=\u00bb\u00bb id=\u00bb\u00bb class=\u00bb\u00bb border_color=\u00bb\u00bb][vc_column min_height=\u00bb\u00bb bg_type=\u00bb\u00bb dima_canvas_style=\u00bb\u00bb translate_x=\u00bb0&#8243; dima_z_index=\u00bb0&#8243; delay=\u00bb\u00bb delay_duration=\u00bb\u00bb delay_offset=\u00bb\u00bb width=\u00bb1\/1&#8243;]<h1>Analyser<\/h1>\n<h4>\u00bfQu\u00e9 facturas y estimaciones de costes deben examinarse con m\u00e1s detalle?<\/h4>\n[vc_row_inner bg_type=\u00bb\u00bb dima_canvas_style=\u00bb\u00bb translate_x=\u00bb0&#8243; dima_z_index=\u00bb0&#8243; id=\u00bb\u00bb class=\u00bb\u00bb style=\u00bb\u00bb css=\u00bb.vc_custom_1631003119308{margin-top: 30px !important;}\u00bb border_color=\u00bb\u00bb][vc_column_inner delay=\u00bb\u00bb delay_duration=\u00bb\u00bb delay_offset=\u00bb\u00bb translate_x=\u00bb0&#8243; dima_z_index=\u00bb0&#8243; width=\u00bb1\/2&#8243;]<p>Los costes de los siniestros por da\u00f1os en edificios en Alemania aumentaron significativamente en la d\u00e9cada de 2010 y, al mismo tiempo, esos da\u00f1os suelen ser muy complejos. Por lo tanto, las compa\u00f1\u00edas de seguros y proveedores de servicios especializados verifican casi todas las facturas y estimaciones de costes de los proveedores, a menudo con gran detalle. En algunos casos, el asegurador negocia directamente con los proveedores de servicio. Con el Analyser de da\u00f1os en edificios, RISK-CONSULTING ofrece una sistema con la que las estimaciones de costes y las facturas presentadas se clasifican autom\u00e1ticamente a modo de triaje.<\/p>\n[\/vc_column_inner][vc_column_inner delay=\u00bb\u00bb delay_duration=\u00bb\u00bb delay_offset=\u00bb\u00bb translate_x=\u00bb0&#8243; dima_z_index=\u00bb0&#8243; width=\u00bb1\/2&#8243;]<p>Esto permite la selecci\u00f3n automatizada de las estimaciones de costes, facturas llamativas para una comprobaci\u00f3n en profundidad intensiva y, por lo tanto, m\u00e1s compleja. Todas las dem\u00e1s facturas, que se considera que no deben revisarse con detalle, se pueden procesar autom\u00e1ticamente, lo que supone una importante ventaja cuando los vol\u00famenes de facturas son altos, por ejemplo, en situaciones con acumulaci\u00f3n de siniestros despu\u00e9s de grandes tormentas. Como resultado, se ahorran pagos y se optimiza la relaci\u00f3n coste-beneficio, lo que, a su vez, evita la necesidad de contribuciones evitables.<\/p>\n[\/vc_column_inner][\/vc_row_inner][\/vc_column][\/vc_row][vc_row bg_type=\u00bb\u00bb dima_canvas_style=\u00bb\u00bb translate_x=\u00bb0&#8243; dima_z_index=\u00bb0&#8243; delay=\u00bb\u00bb delay_duration=\u00bb\u00bb delay_offset=\u00bb\u00bb id=\u00bb\u00bb class=\u00bb\u00bb css=\u00bb.vc_custom_1630937116752{margin-top: -120px !important;}\u00bb border_color=\u00bb\u00bb][vc_column min_height=\u00bb\u00bb bg_type=\u00bb\u00bb dima_canvas_style=\u00bb\u00bb translate_x=\u00bb0&#8243; dima_z_index=\u00bb0&#8243; delay=\u00bb\u00bb delay_duration=\u00bb\u00bb delay_offset=\u00bb\u00bb width=\u00bb1\/2&#8243; id=\u00bb\u00bb class=\u00bb\u00bb style=\u00bb\u00bb css=\u00bb.vc_custom_1630067557520{padding-right: 40px !important;}\u00bb border_color=\u00bb\u00bb]<h4>Ventajas de utilizar el Analyser de Da\u00f1os en Edificios<\/h4>\n<ul>\n<li>Evaluaci\u00f3n r\u00e1pida y automatizada de facturas y estimaciones de costes<\/li>\n<li>Procesamiento automatizado de documentos que no llamen la atenci\u00f3n<\/li>\n<li>Identificaci\u00f3n de los documentos pertinentes para controles en profundidad<\/li>\n<li>Evaluaci\u00f3n econ\u00f3mica incluso para importes de facturas peque\u00f1as y medianas<\/li>\n<li>Carga de trabajo ajustable para los gestores de siniestros<\/li>\n<li>Hacer frente a vol\u00famenes m\u00e1ximos en situaciones con acumulaci\u00f3n de siniestros<\/li>\n<li>Ahorro previsible comprobando una proporci\u00f3n especificada de los documentos que deben verificarse<\/li>\n<\/ul>\n[\/vc_column][vc_column min_height=\u00bb\u00bb bg_type=\u00bb\u00bb dima_canvas_style=\u00bb\u00bb translate_x=\u00bb0&#8243; dima_z_index=\u00bb0&#8243; delay=\u00bb\u00bb delay_duration=\u00bb\u00bb delay_offset=\u00bb\u00bb width=\u00bb1\/2&#8243;][vc_single_image image=\u00bb2000&#8243; img_size=\u00bblarge\u00bb][\/vc_column][\/vc_row]<\/p>\n<\/div>","protected":false},"excerpt":{"rendered":"<p>[vc_row bg_type=\u00bb\u00bb dima_canvas_style=\u00bb\u00bb translate_x=\u00bb0&#8243; dima_z_index=\u00bb0&#8243; delay=\u00bb\u00bb delay_duration=\u00bb\u00bb delay_offset=\u00bb\u00bb id=\u00bb\u00bb class=\u00bb\u00bb border_color=\u00bb\u00bb][vc_column min_height=\u00bb\u00bb bg_type=\u00bb\u00bb dima_canvas_style=\u00bb\u00bb translate_x=\u00bb0&#8243; dima_z_index=\u00bb0&#8243; delay=\u00bb\u00bb delay_duration=\u00bb\u00bb delay_offset=\u00bb\u00bb width=\u00bb1\/1&#8243;][vc_row_inner bg_type=\u00bb\u00bb dima_canvas_style=\u00bb\u00bb translate_x=\u00bb0&#8243; dima_z_index=\u00bb0&#8243; id=\u00bb\u00bb class=\u00bb\u00bb style=\u00bb\u00bb css=\u00bb.vc_custom_1631003119308{margin-top: 30px !important;}\u00bb border_color=\u00bb\u00bb][vc_column_inner delay=\u00bb\u00bb delay_duration=\u00bb\u00bb delay_offset=\u00bb\u00bb translate_x=\u00bb0&#8243; dima_z_index=\u00bb0&#8243; width=\u00bb1\/2&#8243;][\/vc_column_inner][vc_column_inner delay=\u00bb\u00bb delay_duration=\u00bb\u00bb delay_offset=\u00bb\u00bb translate_x=\u00bb0&#8243; dima_z_index=\u00bb0&#8243; width=\u00bb1\/2&#8243;][\/vc_column_inner][\/vc_row_inner][\/vc_column][\/vc_row][vc_row bg_type=\u00bb\u00bb dima_canvas_style=\u00bb\u00bb translate_x=\u00bb0&#8243; dima_z_index=\u00bb0&#8243; delay=\u00bb\u00bb delay_duration=\u00bb\u00bb delay_offset=\u00bb\u00bb id=\u00bb\u00bb class=\u00bb\u00bb css=\u00bb.vc_custom_1630937116752{margin-top: -120px !important;}\u00bb [&hellip;]<\/p>\n","protected":false},"author":4,"featured_media":0,"parent":2695,"menu_order":0,"comment_status":"closed","ping_status":"closed","template":"","meta":{"footnotes":""},"class_list":["post-2732","page","type-page","status-publish","hentry"],"_links":{"self":[{"href":"https:\/\/risk-consulting.de\/es\/wp-json\/wp\/v2\/pages\/2732"}],"collection":[{"href":"https:\/\/risk-consulting.de\/es\/wp-json\/wp\/v2\/pages"}],"about":[{"href":"https:\/\/risk-consulting.de\/es\/wp-json\/wp\/v2\/types\/page"}],"author":[{"embeddable":true,"href":"https:\/\/risk-consulting.de\/es\/wp-json\/wp\/v2\/users\/4"}],"replies":[{"embeddable":true,"href":"https:\/\/risk-consulting.de\/es\/wp-json\/wp\/v2\/comments?post=2732"}],"version-history":[{"count":5,"href":"https:\/\/risk-consulting.de\/es\/wp-json\/wp\/v2\/pages\/2732\/revisions"}],"predecessor-version":[{"id":2862,"href":"https:\/\/risk-consulting.de\/es\/wp-json\/wp\/v2\/pages\/2732\/revisions\/2862"}],"up":[{"embeddable":true,"href":"https:\/\/risk-consulting.de\/es\/wp-json\/wp\/v2\/pages\/2695"}],"wp:attachment":[{"href":"https:\/\/risk-consulting.de\/es\/wp-json\/wp\/v2\/media?parent=2732"}],"curies":[{"name":"wp","href":"https:\/\/api.w.org\/{rel}","templated":true}]}}