{"id":2725,"date":"2022-01-10T08:33:40","date_gmt":"2022-01-10T08:33:40","guid":{"rendered":"https:\/\/risk-consulting.de\/?page_id=2725"},"modified":"2022-02-21T09:27:11","modified_gmt":"2022-02-21T09:27:11","slug":"aktuarwin","status":"publish","type":"page","link":"https:\/\/risk-consulting.de\/es\/soluciones\/aktuarwin\/","title":{"rendered":"AktuarWin\u00ae"},"content":{"rendered":"<div class=\"wpb-content-wrapper\"><p>[vc_row bg_type=\u00bb\u00bb dima_canvas_style=\u00bb\u00bb translate_x=\u00bb0&#8243; dima_z_index=\u00bb0&#8243; delay=\u00bb\u00bb delay_duration=\u00bb\u00bb delay_offset=\u00bb\u00bb][vc_column min_height=\u00bb\u00bb bg_type=\u00bb\u00bb dima_canvas_style=\u00bb\u00bb translate_x=\u00bb0&#8243; dima_z_index=\u00bb0&#8243; delay=\u00bb\u00bb delay_duration=\u00bb\u00bb delay_offset=\u00bb\u00bb width=\u00bb1\/1&#8243;]<h1>AktuarWin<sup>\u00ae<\/sup><\/h1>\n<h4>Gesti\u00f3n de la actividad aseguradora basada en el valor<\/h4>\n[vc_row_inner bg_type=\u00bb\u00bb dima_canvas_style=\u00bb\u00bb translate_x=\u00bb0&#8243; dima_z_index=\u00bb0&#8243; id=\u00bb\u00bb class=\u00bb\u00bb style=\u00bb\u00bb css=\u00bb.vc_custom_1631003195901{margin-top: 30px !important;}\u00bb border_color=\u00bb\u00bb][vc_column_inner delay=\u00bb\u00bb delay_duration=\u00bb\u00bb delay_offset=\u00bb\u00bb translate_x=\u00bb0&#8243; dima_z_index=\u00bb0&#8243; width=\u00bb1\/2&#8243;]<p>AktuarWin<sup>\u00ae<\/sup> es un servicio actuarial asistido por software que ayuda a las aseguradoras de accidentes y riesgos en la gesti\u00f3n basada en el valor de su negocio de seguros. El an\u00e1lisis predictivo se utiliza para asignar los costes esperados de siniestros, a cada contrato individual y la expectativa de la caducidad espec\u00edfica de la l\u00ednea a cada asegurado. Los segmentos rentables se identifican y pueden ampliarse, al igual que los segmentos con p\u00e9rdidas, que pueden ser limitados. Al mejorar la estructura de riesgo de la cartera, se aseguran los ingresos y el crecimiento a largo plazo. Indirectamente, tambi\u00e9n se mejora la evaluaci\u00f3n del \u00abriesgo propio\u00bb en el sentido de ORSA.<\/p>\n[\/vc_column_inner][vc_column_inner delay=\u00bb\u00bb delay_duration=\u00bb\u00bb delay_offset=\u00bb\u00bb translate_x=\u00bb0&#8243; dima_z_index=\u00bb0&#8243; width=\u00bb1\/2&#8243;]<p>AktuarWin<sup>\u00ae<\/sup> es un enfoque integral que cubre todas las l\u00edneas de negocio. Para la aplicaci\u00f3n pr\u00e1ctica de la gesti\u00f3n basada en el valor, a menudo es aconsejable trabajar en las l\u00edneas de seguro una tras otra. Por lo tanto, RISK-CONSULTING tambi\u00e9n ofrece el alcance de los servicios de AktuarWin<sup>\u00ae<\/sup> por separado para las l\u00edneas compuestas individuales mediante la familia de productos correspondientes de RISK-CONSULTING: AktuarCar<sup>\u00ae<\/sup>, AktuarHome<sup>\u00ae<\/sup> y AktuarLiable<sup>\u00ae<\/sup>.<\/p>\n[\/vc_column_inner][\/vc_row_inner][\/vc_column][\/vc_row][vc_row bg_type=\u00bb\u00bb dima_canvas_style=\u00bb\u00bb translate_x=\u00bb0&#8243; dima_z_index=\u00bb0&#8243; delay=\u00bb\u00bb delay_duration=\u00bb\u00bb delay_offset=\u00bb\u00bb id=\u00bb\u00bb class=\u00bb\u00bb css=\u00bb.vc_custom_1630937011374{margin-top: -120px !important;}\u00bb border_color=\u00bb\u00bb][vc_column min_height=\u00bb\u00bb bg_type=\u00bb\u00bb dima_canvas_style=\u00bb\u00bb translate_x=\u00bb0&#8243; dima_z_index=\u00bb0&#8243; delay=\u00bb\u00bb delay_duration=\u00bb\u00bb delay_offset=\u00bb\u00bb width=\u00bb1\/2&#8243; id=\u00bb\u00bb class=\u00bb\u00bb style=\u00bb\u00bb css=\u00bb.vc_custom_1630067557520{padding-right: 40px !important;}\u00bb border_color=\u00bb\u00bb]<h4>Ventajas de utilizar AktuarWin<sup>\u00ae<\/sup><\/h4>\n<ul>\n<li>Expectativas individualizadas de siniestros para cada contrato y cada asegurado<\/li>\n<li>Deducci\u00f3n de las medidas de control orientadas a los beneficios<\/li>\n<li>Estructura de cartera m\u00e1s rentable con precios individualizados adecuados al riesgo<\/li>\n<li>Expectativas de caducidad individualizadas para cada contrato y cada asegurado<\/li>\n<li>Ajustes de las primas a medida, tanto en el caso de una alta expectativa de siniestro como de un alto riesgo de caducidad<\/li>\n<li>Estimaci\u00f3n precisa del efecto sobre los ingresos de las medidas de control<\/li>\n<\/ul>\n[\/vc_column][vc_column min_height=\u00bb\u00bb bg_type=\u00bb\u00bb dima_canvas_style=\u00bb\u00bb translate_x=\u00bb0&#8243; dima_z_index=\u00bb0&#8243; delay=\u00bb\u00bb delay_duration=\u00bb\u00bb delay_offset=\u00bb\u00bb width=\u00bb1\/2&#8243;][vc_single_image image=\u00bb2071&#8243; img_size=\u00bblarge\u00bb][\/vc_column][\/vc_row]<\/p>\n<\/div>","protected":false},"excerpt":{"rendered":"<p>[vc_row bg_type=\u00bb\u00bb dima_canvas_style=\u00bb\u00bb translate_x=\u00bb0&#8243; dima_z_index=\u00bb0&#8243; delay=\u00bb\u00bb delay_duration=\u00bb\u00bb delay_offset=\u00bb\u00bb][vc_column min_height=\u00bb\u00bb bg_type=\u00bb\u00bb dima_canvas_style=\u00bb\u00bb translate_x=\u00bb0&#8243; dima_z_index=\u00bb0&#8243; delay=\u00bb\u00bb delay_duration=\u00bb\u00bb delay_offset=\u00bb\u00bb width=\u00bb1\/1&#8243;][vc_row_inner bg_type=\u00bb\u00bb dima_canvas_style=\u00bb\u00bb translate_x=\u00bb0&#8243; dima_z_index=\u00bb0&#8243; id=\u00bb\u00bb class=\u00bb\u00bb style=\u00bb\u00bb css=\u00bb.vc_custom_1631003195901{margin-top: 30px !important;}\u00bb border_color=\u00bb\u00bb][vc_column_inner delay=\u00bb\u00bb delay_duration=\u00bb\u00bb delay_offset=\u00bb\u00bb translate_x=\u00bb0&#8243; dima_z_index=\u00bb0&#8243; width=\u00bb1\/2&#8243;][\/vc_column_inner][vc_column_inner delay=\u00bb\u00bb delay_duration=\u00bb\u00bb delay_offset=\u00bb\u00bb translate_x=\u00bb0&#8243; dima_z_index=\u00bb0&#8243; width=\u00bb1\/2&#8243;][\/vc_column_inner][\/vc_row_inner][\/vc_column][\/vc_row][vc_row bg_type=\u00bb\u00bb dima_canvas_style=\u00bb\u00bb translate_x=\u00bb0&#8243; dima_z_index=\u00bb0&#8243; delay=\u00bb\u00bb delay_duration=\u00bb\u00bb delay_offset=\u00bb\u00bb id=\u00bb\u00bb class=\u00bb\u00bb css=\u00bb.vc_custom_1630937011374{margin-top: -120px !important;}\u00bb border_color=\u00bb\u00bb][vc_column min_height=\u00bb\u00bb bg_type=\u00bb\u00bb [&hellip;]<\/p>\n","protected":false},"author":4,"featured_media":0,"parent":2695,"menu_order":0,"comment_status":"closed","ping_status":"closed","template":"","meta":{"footnotes":""},"class_list":["post-2725","page","type-page","status-publish","hentry"],"_links":{"self":[{"href":"https:\/\/risk-consulting.de\/es\/wp-json\/wp\/v2\/pages\/2725"}],"collection":[{"href":"https:\/\/risk-consulting.de\/es\/wp-json\/wp\/v2\/pages"}],"about":[{"href":"https:\/\/risk-consulting.de\/es\/wp-json\/wp\/v2\/types\/page"}],"author":[{"embeddable":true,"href":"https:\/\/risk-consulting.de\/es\/wp-json\/wp\/v2\/users\/4"}],"replies":[{"embeddable":true,"href":"https:\/\/risk-consulting.de\/es\/wp-json\/wp\/v2\/comments?post=2725"}],"version-history":[{"count":8,"href":"https:\/\/risk-consulting.de\/es\/wp-json\/wp\/v2\/pages\/2725\/revisions"}],"predecessor-version":[{"id":2848,"href":"https:\/\/risk-consulting.de\/es\/wp-json\/wp\/v2\/pages\/2725\/revisions\/2848"}],"up":[{"embeddable":true,"href":"https:\/\/risk-consulting.de\/es\/wp-json\/wp\/v2\/pages\/2695"}],"wp:attachment":[{"href":"https:\/\/risk-consulting.de\/es\/wp-json\/wp\/v2\/media?parent=2725"}],"curies":[{"name":"wp","href":"https:\/\/api.w.org\/{rel}","templated":true}]}}