{"id":2707,"date":"2022-01-07T13:31:19","date_gmt":"2022-01-07T13:31:19","guid":{"rendered":"https:\/\/risk-consulting.de\/?page_id=2707"},"modified":"2022-02-21T09:26:53","modified_gmt":"2022-02-21T09:26:53","slug":"aktuarmed","status":"publish","type":"page","link":"https:\/\/risk-consulting.de\/es\/soluciones\/aktuarmed\/","title":{"rendered":"AktuarMed\u00ae"},"content":{"rendered":"<div class=\"wpb-content-wrapper\"><p>[vc_row bg_type=\u00bb\u00bb dima_canvas_style=\u00bb\u00bb translate_x=\u00bb0&#8243; dima_z_index=\u00bb0&#8243; delay=\u00bb\u00bb delay_duration=\u00bb\u00bb delay_offset=\u00bb\u00bb][vc_column min_height=\u00bb\u00bb bg_type=\u00bb\u00bb dima_canvas_style=\u00bb\u00bb translate_x=\u00bb0&#8243; dima_z_index=\u00bb0&#8243; delay=\u00bb\u00bb delay_duration=\u00bb\u00bb delay_offset=\u00bb\u00bb width=\u00bb1\/1&#8243;]<h1>AktuarMed<sup>\u00ae<\/sup><\/h1>\n<h4>El sistema de suscripci\u00f3n basado en la evidencia<\/h4>\n[vc_row_inner bg_type=\u00bb\u00bb dima_canvas_style=\u00bb\u00bb translate_x=\u00bb0&#8243; dima_z_index=\u00bb0&#8243;][vc_column_inner delay=\u00bb\u00bb delay_duration=\u00bb\u00bb delay_offset=\u00bb\u00bb translate_x=\u00bb0&#8243; dima_z_index=\u00bb0&#8243; width=\u00bb1\/2&#8243;]<p>La suscripci\u00f3n se basa en utilizar la experiencia para tomar decisiones cr\u00edticas en un entorno altamente complejo. El sistema de suscripci\u00f3n de RISK-CONSULTING, AktuarMed<sup>\u00ae<\/sup>, aprovecha el poder de cientos de millones de a\u00f1os de pruebas m\u00e9dicas y permite a la aseguradora generar una decisi\u00f3n de suscripci\u00f3n f\u00e1cil de ejecutar y basada en estad\u00edsticas. Con la ayuda de las matem\u00e1ticas avanzadas, AktuarMed<sup>\u00ae<\/sup> calcula el exceso de riesgo de una persona con cualquier uni\u00f3n de condiciones m\u00e9dicas previas que est\u00e1 solicitando cualquier producto de seguro de vida, salud y accidente personal.<\/p>\n[\/vc_column_inner][vc_column_inner delay=\u00bb\u00bb delay_duration=\u00bb\u00bb delay_offset=\u00bb\u00bb translate_x=\u00bb0&#8243; dima_z_index=\u00bb0&#8243; width=\u00bb1\/2&#8243;]<p>El sistema tambi\u00e9n tiene en cuenta las interacciones entre diferentes condiciones m\u00e9dicas preexistentes e identifica el riesgo futuro para la salud del solicitante respecto a la cobertura espec\u00edfica. AktuarMed<sup>\u00ae<\/sup> se completa con un m\u00f3dulo de reglas en el que la aseguradora puede configurar su estrategia de suscripci\u00f3n espec\u00edfica. La historia de \u00e9xito de AktuarMed<sup>\u00ae<\/sup> comenz\u00f3 ya en la d\u00e9cada de los 90: en la actualidad, el sistema es el l\u00edder de mercado en suscripci\u00f3n de salud en Alemania, Austria y Luxemburgo, y suscribe productos de vida y salud en una amplia variedad de pa\u00edses europeos.<\/p>\n[\/vc_column_inner][\/vc_row_inner][\/vc_column][\/vc_row][vc_row bg_type=\u00bb\u00bb dima_canvas_style=\u00bb\u00bb translate_x=\u00bb0&#8243; dima_z_index=\u00bb0&#8243; delay=\u00bb\u00bb delay_duration=\u00bb\u00bb delay_offset=\u00bb\u00bb id=\u00bb\u00bb class=\u00bb\u00bb css=\u00bb.vc_custom_1630936936940{margin-top: -120px !important;}\u00bb border_color=\u00bb\u00bb][vc_column min_height=\u00bb\u00bb bg_type=\u00bb\u00bb dima_canvas_style=\u00bb\u00bb translate_x=\u00bb0&#8243; dima_z_index=\u00bb0&#8243; delay=\u00bb\u00bb delay_duration=\u00bb\u00bb delay_offset=\u00bb\u00bb width=\u00bb1\/2&#8243; id=\u00bb\u00bb class=\u00bb\u00bb style=\u00bb\u00bb css=\u00bb.vc_custom_1630067698588{padding-right: 40px !important;padding-bottom: 40px !important;background-color: #ffffff !important;}\u00bb border_color=\u00bb\u00bb]<h4>Ventajas de usar AktuarMed<sup>\u00ae<\/sup><\/h4>\n<ul>\n<li>Evaluaci\u00f3n de riesgos basada en la evidencia utilizando estad\u00edsticas multivariantes<\/li>\n<li>Las cargas de riesgo corresponden al exceso de riesgo real<\/li>\n<li>Pol\u00edtica de riesgos uniforme y coherente<\/li>\n<li>Aceleraci\u00f3n significativa del proceso de solicitud con menos<br \/>\nconsultas y preguntas al m\u00e9dico<\/li>\n<li>Menores costes gracias a una mayor automatizaci\u00f3n<\/li>\n<li>Evaluaci\u00f3n justa y transparente de los solicitantes<\/li>\n<li>Resultados plausibles con un perfil de riesgo detallado<\/li>\n<li>Reproducibilidad de los resultados de la evaluaci\u00f3n<\/li>\n<\/ul>\n[\/vc_column][vc_column min_height=\u00bb\u00bb bg_type=\u00bb\u00bb dima_canvas_style=\u00bb\u00bb translate_x=\u00bb0&#8243; dima_z_index=\u00bb0&#8243; delay=\u00bb\u00bb delay_duration=\u00bb\u00bb delay_offset=\u00bb\u00bb width=\u00bb1\/2&#8243;][vc_single_image image=\u00bb1998&#8243; img_size=\u00bblarge\u00bb][\/vc_column][\/vc_row][vc_row full_w_bg=\u00bbtrue\u00bb bg_type=\u00bb\u00bb dima_canvas_style=\u00bb\u00bb translate_x=\u00bb0&#8243; dima_z_index=\u00bb0&#8243; delay=\u00bb\u00bb delay_duration=\u00bb\u00bb delay_offset=\u00bb\u00bb id=\u00bb\u00bb class=\u00bb\u00bb css=\u00bb.vc_custom_1612446066558{background-color: rgba(0,108,204,0.37) !important;*background-color: rgb(0,108,204) !important;}\u00bb border_color=\u00bb\u00bb][vc_column min_height=\u00bb\u00bb bg_type=\u00bb\u00bb dima_canvas_style=\u00bb\u00bb translate_x=\u00bb0&#8243; dima_z_index=\u00bb0&#8243; delay=\u00bb\u00bb delay_duration=\u00bb\u00bb delay_offset=\u00bb\u00bb width=\u00bb2\/3&#8243; id=\u00bb\u00bb class=\u00bb\u00bb style=\u00bb\u00bb border_color=\u00bb\u00bb]<h2  class=\"dima-custom-heading\" >Suscripci\u00f3n din\u00e1mica en seguros de vida y salud<\/h2><h4  class=\"dima-custom-heading\" >Combinando AktuarMed<sup>\u00ae<\/sup> y CDE<sup>\u00ae<\/sup><\/h4><p>\u00bfPor qu\u00e9 los solicitantes tienen que responder a docenas de preguntas m\u00e9dicas durante una solicitud, esperar d\u00edas o semanas para recibir una respuesta y, a menudo, necesitan responder todav\u00eda a m\u00e1s preguntas o proporcionar informes de sus m\u00e9dicos? RISK-CONSULTING ha desarrollado un nuevo enfoque en el que se gu\u00eda al solicitante por un di\u00e1logo interactivo de preguntas digitales donde no se hacen preguntas innecesarias y se toma una decisi\u00f3n de suscripci\u00f3n inmediata. Los macrodatos y el an\u00e1lisis de datos avanzado permiten la optimizaci\u00f3n del proceso y la generaci\u00f3n de decisiones de suscripci\u00f3n basadas en cientos de millones de a\u00f1os de pruebas m\u00e9dicas, mucho m\u00e1s de lo que un humano puede acceder.<br \/>\nEl nuevo proceso no est\u00e1 dise\u00f1ado para eliminar por completo la suscripci\u00f3n humana, pero significar\u00e1 que los suscriptores solo necesitan mirar las solicitudes que realmente merecen su intervenci\u00f3n. Por lo tanto, la aseguradora puede entregar un presupuesto vinculante que incluya documentaci\u00f3n de la p\u00f3liza en solo minutos para m\u00e1s del 90 % de las solicitudes. El primer paso para recopilar el historial m\u00e9dico del solicitante lo realiza la galardonada herramienta de RISK-CONSULTING para la exploraci\u00f3n de diagn\u00f3stico sensible al contexto CDE<sup>\u00ae<\/sup>. A continuaci\u00f3n, CDE<sup>\u00ae<\/sup> pasa los datos de la solicitud al sistema de suscripci\u00f3n basado en evidencias de RISK-CONSULTING, AktuarMed<sup>\u00ae<\/sup>, que realiza la evaluaci\u00f3n de riesgos.<\/p>\n[vc_btn title=\u00bbCDE<sup>\u00ae<\/sup>\u00bb style=\u00bbflat\u00bb shape=\u00bbround\u00bb color=\u00bbprimary\u00bb size=\u00bblg\u00bb align=\u00bbcenter\u00bb i_icon_fontawesome=\u00bbfas fa-heartbeat\u00bb add_icon=\u00bbtrue\u00bb link=\u00bburl:https%3A%2F%2Frisk-consulting.de%2Fes%2Fproductos%2Fcde%2F|title:CDE%C2%AE\u00bb][\/vc_column][vc_column min_height=\u00bb\u00bb bg_type=\u00bb\u00bb dima_canvas_style=\u00bb\u00bb translate_x=\u00bb0&#8243; dima_z_index=\u00bb0&#8243; delay=\u00bb\u00bb delay_duration=\u00bb\u00bb delay_offset=\u00bb\u00bb width=\u00bb1\/3&#8243; id=\u00bb\u00bb class=\u00bb\u00bb style=\u00bb\u00bb css=\u00bb.vc_custom_1618416391453{padding-top: 30px !important;}\u00bb border_color=\u00bb\u00bb][vc_single_image image=\u00bb2001&#8243; img_size=\u00bblarge\u00bb][\/vc_column][\/vc_row]<\/p>\n<\/div>","protected":false},"excerpt":{"rendered":"<p>[vc_row bg_type=\u00bb\u00bb dima_canvas_style=\u00bb\u00bb translate_x=\u00bb0&#8243; dima_z_index=\u00bb0&#8243; delay=\u00bb\u00bb delay_duration=\u00bb\u00bb delay_offset=\u00bb\u00bb][vc_column min_height=\u00bb\u00bb bg_type=\u00bb\u00bb dima_canvas_style=\u00bb\u00bb translate_x=\u00bb0&#8243; dima_z_index=\u00bb0&#8243; delay=\u00bb\u00bb delay_duration=\u00bb\u00bb delay_offset=\u00bb\u00bb width=\u00bb1\/1&#8243;][vc_row_inner bg_type=\u00bb\u00bb dima_canvas_style=\u00bb\u00bb translate_x=\u00bb0&#8243; dima_z_index=\u00bb0&#8243;][vc_column_inner delay=\u00bb\u00bb delay_duration=\u00bb\u00bb delay_offset=\u00bb\u00bb translate_x=\u00bb0&#8243; dima_z_index=\u00bb0&#8243; width=\u00bb1\/2&#8243;][\/vc_column_inner][vc_column_inner delay=\u00bb\u00bb delay_duration=\u00bb\u00bb delay_offset=\u00bb\u00bb translate_x=\u00bb0&#8243; dima_z_index=\u00bb0&#8243; width=\u00bb1\/2&#8243;][\/vc_column_inner][\/vc_row_inner][\/vc_column][\/vc_row][vc_row bg_type=\u00bb\u00bb dima_canvas_style=\u00bb\u00bb translate_x=\u00bb0&#8243; dima_z_index=\u00bb0&#8243; delay=\u00bb\u00bb delay_duration=\u00bb\u00bb delay_offset=\u00bb\u00bb id=\u00bb\u00bb class=\u00bb\u00bb css=\u00bb.vc_custom_1630936936940{margin-top: -120px !important;}\u00bb border_color=\u00bb\u00bb][vc_column min_height=\u00bb\u00bb bg_type=\u00bb\u00bb dima_canvas_style=\u00bb\u00bb translate_x=\u00bb0&#8243; dima_z_index=\u00bb0&#8243; delay=\u00bb\u00bb delay_duration=\u00bb\u00bb delay_offset=\u00bb\u00bb width=\u00bb1\/2&#8243; [&hellip;]<\/p>\n","protected":false},"author":4,"featured_media":0,"parent":2695,"menu_order":0,"comment_status":"closed","ping_status":"closed","template":"","meta":{"footnotes":""},"class_list":["post-2707","page","type-page","status-publish","hentry"],"_links":{"self":[{"href":"https:\/\/risk-consulting.de\/es\/wp-json\/wp\/v2\/pages\/2707"}],"collection":[{"href":"https:\/\/risk-consulting.de\/es\/wp-json\/wp\/v2\/pages"}],"about":[{"href":"https:\/\/risk-consulting.de\/es\/wp-json\/wp\/v2\/types\/page"}],"author":[{"embeddable":true,"href":"https:\/\/risk-consulting.de\/es\/wp-json\/wp\/v2\/users\/4"}],"replies":[{"embeddable":true,"href":"https:\/\/risk-consulting.de\/es\/wp-json\/wp\/v2\/comments?post=2707"}],"version-history":[{"count":9,"href":"https:\/\/risk-consulting.de\/es\/wp-json\/wp\/v2\/pages\/2707\/revisions"}],"predecessor-version":[{"id":2830,"href":"https:\/\/risk-consulting.de\/es\/wp-json\/wp\/v2\/pages\/2707\/revisions\/2830"}],"up":[{"embeddable":true,"href":"https:\/\/risk-consulting.de\/es\/wp-json\/wp\/v2\/pages\/2695"}],"wp:attachment":[{"href":"https:\/\/risk-consulting.de\/es\/wp-json\/wp\/v2\/media?parent=2707"}],"curies":[{"name":"wp","href":"https:\/\/api.w.org\/{rel}","templated":true}]}}