{"id":2699,"date":"2022-01-07T13:21:02","date_gmt":"2022-01-07T13:21:02","guid":{"rendered":"https:\/\/risk-consulting.de\/?page_id=2699"},"modified":"2023-10-04T15:24:06","modified_gmt":"2023-10-04T15:24:06","slug":"aktuarcompress","status":"publish","type":"page","link":"https:\/\/risk-consulting.de\/es\/soluciones\/aktuarcompress\/","title":{"rendered":"AktuarCompress\u00ae"},"content":{"rendered":"<div class=\"wpb-content-wrapper\"><p>[vc_row bg_type=\u00bb\u00bb dima_canvas_style=\u00bb\u00bb translate_x=\u00bb0&#8243; dima_z_index=\u00bb0&#8243; delay=\u00bb\u00bb delay_duration=\u00bb\u00bb delay_offset=\u00bb\u00bb][vc_column min_height=\u00bb\u00bb bg_type=\u00bb\u00bb dima_canvas_style=\u00bb\u00bb translate_x=\u00bb0&#8243; dima_z_index=\u00bb0&#8243; delay=\u00bb\u00bb delay_duration=\u00bb\u00bb delay_offset=\u00bb\u00bb width=\u00bb1\/1&#8243;]<h1>Aktuar\u00adCompress<sup>\u00ae<\/sup><\/h1>\n<h4>Extracci\u00f3n de la informaci\u00f3n pertinente de los datos de actuaciones m\u00e9dicas de seguros de salud<\/h4>\n[vc_row_inner bg_type=\u00bb\u00bb dima_canvas_style=\u00bb\u00bb translate_x=\u00bb0&#8243; dima_z_index=\u00bb0&#8243;][vc_column_inner delay=\u00bb\u00bb delay_duration=\u00bb\u00bb delay_offset=\u00bb\u00bb translate_x=\u00bb0&#8243; dima_z_index=\u00bb0&#8243; width=\u00bb1\/2&#8243;]<p>En Alemania y algunos otros pa\u00edses, las compa\u00f1\u00edas de seguros de salud tienen informaci\u00f3n amplia y detallada sobre la salud de sus clientes. Esta informaci\u00f3n constituye una valiosa base para una gesti\u00f3n eficiente de las actuaciones m\u00e9dicas y la cartera. Con AktuarCompress<sup>\u00ae<\/sup>, RISK-CONSULTING ha desarrollado un proceso automatizado para la compresi\u00f3n y el enfoque de los datos de las actuaciones m\u00e9dicas sanitarias. El historial de actuaciones m\u00e9dicas de cada asegurado se comprime a la informaci\u00f3n relevante y, por lo tanto, permite una visi\u00f3n hol\u00edstica del historial m\u00e9dico individual. La funcionalidad de referencia integrada en AktuarCompress<sup>\u00ae<\/sup> tambi\u00e9n ofrece una comparaci\u00f3n de los resultados de compresi\u00f3n individuales con valores estad\u00edsticamente esperados.<\/p>\n[\/vc_column_inner][vc_column_inner delay=\u00bb\u00bb delay_duration=\u00bb\u00bb delay_offset=\u00bb\u00bb translate_x=\u00bb0&#8243; dima_z_index=\u00bb0&#8243; width=\u00bb1\/2&#8243;]<p>Adem\u00e1s, seg\u00fan el modelo predictivo, se pueden identificar los riesgos futuros para la salud de la persona que pueden no haberse detectado en la actualidad. De esta forma, la compa\u00f1\u00eda de seguros puede adoptar diversos enfoques en la gesti\u00f3n operativa, como hacer ofertas sobre medidas de prevenci\u00f3n y salud adaptadas a la persona asegurada o incluso ofertas adecuadas de venta cruzada. En 2016, RISK-CONSULTING recibi\u00f3 del reconocimiento de Google y S\u00fcddeutscher Zeitung para AktuarCompress<sup>\u00ae<\/sup> como \u00abForward Thinker\u00bb en los premios Digital Lighthouse para proyectos innovadores de digitalizaci\u00f3n en el sector de los seguros.<\/p>\n[\/vc_column_inner][\/vc_row_inner][\/vc_column][\/vc_row][vc_row bg_type=\u00bb\u00bb dima_canvas_style=\u00bb\u00bb translate_x=\u00bb0&#8243; dima_z_index=\u00bb0&#8243; delay=\u00bb\u00bb delay_duration=\u00bb\u00bb delay_offset=\u00bb\u00bb id=\u00bb\u00bb class=\u00bb\u00bb border_color=\u00bb\u00bb css=\u00bb.vc_custom_1630936872035{margin-top: -120px !important;}\u00bb][vc_column min_height=\u00bb\u00bb bg_type=\u00bb\u00bb dima_canvas_style=\u00bb\u00bb translate_x=\u00bb0&#8243; dima_z_index=\u00bb0&#8243; delay=\u00bb\u00bb delay_duration=\u00bb\u00bb delay_offset=\u00bb\u00bb width=\u00bb1\/2&#8243; id=\u00bb\u00bb class=\u00bb\u00bb style=\u00bb\u00bb css=\u00bb.vc_custom_1630067698588{padding-right: 40px !important;padding-bottom: 40px !important;background-color: #ffffff !important;}\u00bb border_color=\u00bb\u00bb]<h4>Ventajas de usar AktuarCompress<sup>\u00ae<\/sup><\/h4>\n<ul>\n<li>Compresi\u00f3n del historial de actuaciones m\u00e9dicas de una persona asegurada a la informaci\u00f3n esencial y relevante<\/li>\n<li>Reconocer e ignorar datos sin importancia e inveros\u00edmiles<\/li>\n<li>Aceleraci\u00f3n significativa de los procesos y aumento de la eficiencia en la gesti\u00f3n empresarial en vigor, por ejemplo, mediante la automatizaci\u00f3n de los cambios de productos y renovaciones<\/li>\n<li>Presentaci\u00f3n clara y hol\u00edstica de la situaci\u00f3n de salud individual de una persona asegurada<\/li>\n<li>Identificaci\u00f3n de asegurados para ofertas de prevenci\u00f3n y gesti\u00f3n de la salud a medida, posicionando al asegurador como socio de salud<\/li>\n<li>Mejora de la atenci\u00f3n centrada en el paciente para los asegurados<\/li>\n<\/ul>\n[\/vc_column][vc_column min_height=\u00bb\u00bb bg_type=\u00bb\u00bb dima_canvas_style=\u00bb\u00bb translate_x=\u00bb0&#8243; dima_z_index=\u00bb0&#8243; delay=\u00bb\u00bb delay_duration=\u00bb\u00bb delay_offset=\u00bb\u00bb width=\u00bb1\/2&#8243;][vc_single_image image=\u00bb1999&#8243; img_size=\u00bblarge\u00bb][\/vc_column][\/vc_row][vc_row full_w_bg=\u00bbtrue\u00bb bg_type=\u00bb\u00bb dima_canvas_style=\u00bb\u00bb translate_x=\u00bb0&#8243; dima_z_index=\u00bb0&#8243; delay=\u00bb\u00bb delay_duration=\u00bb\u00bb delay_offset=\u00bb\u00bb id=\u00bb\u00bb class=\u00bb\u00bb css=\u00bb.vc_custom_1612446066558{background-color: rgba(0,108,204,0.37) !important;*background-color: rgb(0,108,204) !important;}\u00bb border_color=\u00bb\u00bb][vc_column min_height=\u00bb\u00bb bg_type=\u00bb\u00bb dima_canvas_style=\u00bb\u00bb translate_x=\u00bb0&#8243; dima_z_index=\u00bb0&#8243; delay=\u00bb\u00bb delay_duration=\u00bb\u00bb delay_offset=\u00bb\u00bb width=\u00bb2\/3&#8243; id=\u00bb\u00bb class=\u00bb\u00bb style=\u00bb\u00bb border_color=\u00bb\u00bb]<h2  class=\"dima-custom-heading\" >Automatizaci\u00f3n de renovaciones y cambios de producto<\/h2><h4  class=\"dima-custom-heading\" >Combinando AktuarMed<sup>\u00ae<\/sup> y AktuarCompress<sup>\u00ae<\/sup><\/h4><p>En los productos con renovaciones anuales, el asegurador a menudo tiene en cuenta las actuaciones m\u00e9dicas de la persona asegurada al suscribir la renovaci\u00f3n de la p\u00f3liza. Lo mismo se aplica cuando una persona asegurada desea cambiar de un producto de seguro a otro diferente con mayores ventajas. La determinaci\u00f3n del estado de salud a menudo se realiza de forma manual o solo parcialmente automatizada. Las aseguradoras est\u00e1n obligadas a buscar en extensos registros de actuaciones m\u00e9dicas y extraer las condiciones m\u00e9dicas relevantes. Es dif\u00edcil de gestionar en las condiciones dadas y requiere mucho tiempo y dinero.<\/p>\n<p>Para solucionar este problema, RISK-CONSULTING ha desarrollado AktuarCompress<sup>\u00ae<\/sup>, una herramienta que analiza autom\u00e1ticamente todo el historial de actuaciones m\u00e9dicas de un asegurado e identifica las condiciones pertinentes. Todos los diagn\u00f3sticos asociados con una enfermedad se resumen y representan mediante un diagn\u00f3stico \u00abprincipal\u00bb relacionado con el caso. En este proceso se resuelven diagn\u00f3sticos poco claros o inexactos, se filtran datos sin importancia y no plausibles o datos incorrectos.<\/p>\n<p>La combinaci\u00f3n de AktuarCompress<sup>\u00ae<\/sup> y el sistema de suscripci\u00f3n basado en evidencias de RISK-CONSULTING, AktuarMed<sup>\u00ae<\/sup>, permite que m\u00e1s del 90 % de las renovaciones y cambios de productos se procesen autom\u00e1ticamente. Varias aseguradoras importantes en Alemania han estado utilizando con \u00e9xito la herramienta para automatizar los cambios de productos desde 2016.<\/p>\n[vc_btn title=\u00bbAktuarMed<sup>\u00ae<\/sup>\u00bb style=\u00bbflat\u00bb shape=\u00bbround\u00bb color=\u00bbprimary\u00bb size=\u00bblg\u00bb align=\u00bbcenter\u00bb i_icon_fontawesome=\u00bbfas fa-heartbeat\u00bb add_icon=\u00bbtrue\u00bb link=\u00bburl:https%3A%2F%2Frisk-consulting.de%2Fes%2Fproductos%2Faktuarmed%2F|title:AktuarMed%C2%AE\u00bb][\/vc_column][vc_column min_height=\u00bb\u00bb bg_type=\u00bb\u00bb dima_canvas_style=\u00bb\u00bb translate_x=\u00bb0&#8243; dima_z_index=\u00bb0&#8243; delay=\u00bb\u00bb delay_duration=\u00bb\u00bb delay_offset=\u00bb\u00bb width=\u00bb1\/3&#8243; id=\u00bb\u00bb class=\u00bb\u00bb style=\u00bb\u00bb css=\u00bb.vc_custom_1618416391453{padding-top: 30px !important;}\u00bb border_color=\u00bb\u00bb][vc_single_image image=\u00bb2006&#8243; img_size=\u00bblarge\u00bb][\/vc_column][\/vc_row]<\/p>\n<\/div>","protected":false},"excerpt":{"rendered":"<p>[vc_row bg_type=\u00bb\u00bb dima_canvas_style=\u00bb\u00bb translate_x=\u00bb0&#8243; dima_z_index=\u00bb0&#8243; delay=\u00bb\u00bb delay_duration=\u00bb\u00bb delay_offset=\u00bb\u00bb][vc_column min_height=\u00bb\u00bb bg_type=\u00bb\u00bb dima_canvas_style=\u00bb\u00bb translate_x=\u00bb0&#8243; dima_z_index=\u00bb0&#8243; delay=\u00bb\u00bb delay_duration=\u00bb\u00bb delay_offset=\u00bb\u00bb width=\u00bb1\/1&#8243;][vc_row_inner bg_type=\u00bb\u00bb dima_canvas_style=\u00bb\u00bb translate_x=\u00bb0&#8243; dima_z_index=\u00bb0&#8243;][vc_column_inner delay=\u00bb\u00bb delay_duration=\u00bb\u00bb delay_offset=\u00bb\u00bb translate_x=\u00bb0&#8243; dima_z_index=\u00bb0&#8243; width=\u00bb1\/2&#8243;][\/vc_column_inner][vc_column_inner delay=\u00bb\u00bb delay_duration=\u00bb\u00bb delay_offset=\u00bb\u00bb translate_x=\u00bb0&#8243; dima_z_index=\u00bb0&#8243; width=\u00bb1\/2&#8243;][\/vc_column_inner][\/vc_row_inner][\/vc_column][\/vc_row][vc_row bg_type=\u00bb\u00bb dima_canvas_style=\u00bb\u00bb translate_x=\u00bb0&#8243; dima_z_index=\u00bb0&#8243; delay=\u00bb\u00bb delay_duration=\u00bb\u00bb delay_offset=\u00bb\u00bb id=\u00bb\u00bb class=\u00bb\u00bb border_color=\u00bb\u00bb css=\u00bb.vc_custom_1630936872035{margin-top: -120px !important;}\u00bb][vc_column min_height=\u00bb\u00bb bg_type=\u00bb\u00bb dima_canvas_style=\u00bb\u00bb translate_x=\u00bb0&#8243; dima_z_index=\u00bb0&#8243; delay=\u00bb\u00bb delay_duration=\u00bb\u00bb delay_offset=\u00bb\u00bb width=\u00bb1\/2&#8243; [&hellip;]<\/p>\n","protected":false},"author":4,"featured_media":0,"parent":2695,"menu_order":0,"comment_status":"closed","ping_status":"closed","template":"","meta":{"footnotes":""},"class_list":["post-2699","page","type-page","status-publish","hentry"],"_links":{"self":[{"href":"https:\/\/risk-consulting.de\/es\/wp-json\/wp\/v2\/pages\/2699"}],"collection":[{"href":"https:\/\/risk-consulting.de\/es\/wp-json\/wp\/v2\/pages"}],"about":[{"href":"https:\/\/risk-consulting.de\/es\/wp-json\/wp\/v2\/types\/page"}],"author":[{"embeddable":true,"href":"https:\/\/risk-consulting.de\/es\/wp-json\/wp\/v2\/users\/4"}],"replies":[{"embeddable":true,"href":"https:\/\/risk-consulting.de\/es\/wp-json\/wp\/v2\/comments?post=2699"}],"version-history":[{"count":11,"href":"https:\/\/risk-consulting.de\/es\/wp-json\/wp\/v2\/pages\/2699\/revisions"}],"predecessor-version":[{"id":3105,"href":"https:\/\/risk-consulting.de\/es\/wp-json\/wp\/v2\/pages\/2699\/revisions\/3105"}],"up":[{"embeddable":true,"href":"https:\/\/risk-consulting.de\/es\/wp-json\/wp\/v2\/pages\/2695"}],"wp:attachment":[{"href":"https:\/\/risk-consulting.de\/es\/wp-json\/wp\/v2\/media?parent=2699"}],"curies":[{"name":"wp","href":"https:\/\/api.w.org\/{rel}","templated":true}]}}