{"id":2695,"date":"2022-01-07T13:14:59","date_gmt":"2022-01-07T13:14:59","guid":{"rendered":"https:\/\/risk-consulting.de\/?page_id=2695"},"modified":"2024-10-29T10:45:54","modified_gmt":"2024-10-29T10:45:54","slug":"soluciones","status":"publish","type":"page","link":"https:\/\/risk-consulting.de\/es\/soluciones\/","title":{"rendered":"Soluciones"},"content":{"rendered":"<div class=\"wpb-content-wrapper\"><p>[vc_row bg_type=\u00bb\u00bb dima_canvas_style=\u00bb\u00bb translate_x=\u00bb0&#8243; dima_z_index=\u00bb0&#8243; delay=\u00bb\u00bb delay_duration=\u00bb\u00bb delay_offset=\u00bb\u00bb][vc_column min_height=\u00bb\u00bb bg_type=\u00bb\u00bb dima_canvas_style=\u00bb\u00bb translate_x=\u00bb0&#8243; dima_z_index=\u00bb0&#8243; delay=\u00bb\u00bb delay_duration=\u00bb\u00bb delay_offset=\u00bb\u00bb width=\u00bb1\/1&#8243;]<h1>Nuestros soluciones<\/h1>\n<p>Ofrecemos soluciones y productos para la selecci\u00f3n y el control de riesgos, as\u00ed como la gesti\u00f3n de procesos en las compa\u00f1\u00edas de seguros. Nuestros productos basados en datos est\u00e1n digitalizando el sector de los seguros.<\/p>\n<p>&nbsp;<\/p>\n<div id=\"OKAYFREEDOM_INJECTED\"><\/div>\n[vc_row_inner bg_type=\u00bb\u00bb dima_canvas_style=\u00bb\u00bb translate_x=\u00bb0&#8243; dima_z_index=\u00bb0&#8243;][vc_column_inner delay=\u00bb\u00bb delay_duration=\u00bb\u00bb delay_offset=\u00bb\u00bb translate_x=\u00bb0&#8243; dima_z_index=\u00bb0&#8243; width=\u00bb1\/3&#8243;][vc_icon icon_fontawesome=\u00bbfas fa-heartbeat\u00bb color=\u00bbcustom\u00bb size=\u00bbxl\u00bb align=\u00bbcenter\u00bb custom_color=\u00bb#0088cc\u00bb]<h3  class=\"dima-custom-heading text-center\" >AktuarMed<sup>\u00ae<\/sup><\/h3>[vc_column_text]<\/p>\n<p style=\"text-align: center;\">AktuarMed<sup>\u00ae<\/sup> permite a la aseguradora generar una decisi\u00f3n de suscripci\u00f3n f\u00e1cil de ejecutar y basada en la evidencia.<br \/>\n<a href=\"https:\/\/risk-consulting.de\/es\/productos\/aktuarmed\/\"><strong>M\u00e1s informaci\u00f3n<\/strong><\/a><\/p>\n<p>[\/vc_column_text][\/vc_column_inner][vc_column_inner delay=\u00bb\u00bb delay_duration=\u00bb\u00bb delay_offset=\u00bb\u00bb translate_x=\u00bb0&#8243; dima_z_index=\u00bb0&#8243; width=\u00bb1\/3&#8243;][vc_icon icon_fontawesome=\u00bbfas fa-project-diagram\u00bb color=\u00bbcustom\u00bb size=\u00bbxl\u00bb align=\u00bbcenter\u00bb custom_color=\u00bb#0088cc\u00bb]<h3  class=\"dima-custom-heading text-center\" >CDE<sup>\u00ae<\/sup><\/h3>[vc_column_text css=\u00bb.vc_custom_1666867374014{padding-right: 10px !important;padding-left: 10px !important;}\u00bb]<\/p>\n<p style=\"text-align: center;\">CDE<sup>\u00ae<\/sup> plantea preguntas interactivas basadas en estad\u00edsticas para recopilar digitalmente el historial m\u00e9dico de una persona.<br \/>\n<a href=\"https:\/\/risk-consulting.de\/es\/productos\/cde\/\"><strong>M\u00e1s informaci\u00f3n<\/strong><\/a><\/p>\n<p>[\/vc_column_text][\/vc_column_inner][vc_column_inner delay=\u00bb\u00bb delay_duration=\u00bb\u00bb delay_offset=\u00bb\u00bb translate_x=\u00bb0&#8243; dima_z_index=\u00bb0&#8243; width=\u00bb1\/3&#8243;][vc_icon icon_fontawesome=\u00bbfas fa-compress-arrows-alt\u00bb color=\u00bbcustom\u00bb size=\u00bbxl\u00bb align=\u00bbcenter\u00bb custom_color=\u00bb#0088cc\u00bb]<h3  class=\"dima-custom-heading text-center\" >AktuarCompress<sup>\u00ae<\/sup><\/h3>[vc_column_text]<\/p>\n<p style=\"text-align: center;\">AktuarCompress<sup>\u00ae<\/sup> ofrece una visi\u00f3n hol\u00edstica del historial m\u00e9dico individual de una persona asegurada.<br \/>\n<a href=\"https:\/\/risk-consulting.de\/es\/productos\/aktuarcompress\/\"><strong>M\u00e1s informaci\u00f3n<\/strong><\/a><\/p>\n<p>[\/vc_column_text][\/vc_column_inner][\/vc_row_inner]<div  class=\"dima-clear\" style=\"padding-bottom:70px\"><\/div>[vc_row_inner bg_type=\u00bb\u00bb dima_canvas_style=\u00bb\u00bb translate_x=\u00bb0&#8243; dima_z_index=\u00bb0&#8243;][vc_column_inner delay=\u00bb\u00bb delay_duration=\u00bb\u00bb delay_offset=\u00bb\u00bb translate_x=\u00bb0&#8243; dima_z_index=\u00bb0&#8243; width=\u00bb1\/2&#8243;][vc_icon icon_fontawesome=\u00bbfas fa-sort-amount-up\u00bb color=\u00bbcustom\u00bb size=\u00bbxl\u00bb align=\u00bbcenter\u00bb custom_color=\u00bb#0088cc\u00bb]<h3  class=\"dima-custom-heading text-center\" >Analyser<\/h3>[vc_column_text]<\/p>\n<p style=\"text-align: center;\">El Analyser de Da\u00f1os en Edificios selecciona las facturas y presupuestos correctos para una revisi\u00f3n en profundidad.<br \/>\n<a href=\"https:\/\/risk-consulting.de\/es\/productos\/analyser\/\"><strong>M\u00e1s informaci\u00f3n<\/strong><\/a><\/p>\n<p>[\/vc_column_text][\/vc_column_inner][vc_column_inner delay=\u00bb\u00bb delay_duration=\u00bb\u00bb delay_offset=\u00bb\u00bb translate_x=\u00bb0&#8243; dima_z_index=\u00bb0&#8243; width=\u00bb1\/2&#8243;][vc_icon icon_fontawesome=\u00bbfas fa-chart-line\u00bb color=\u00bbcustom\u00bb size=\u00bbxl\u00bb align=\u00bbcenter\u00bb custom_color=\u00bb#0088cc\u00bb]<h3  class=\"dima-custom-heading text-center\" >AktuarWin<sup>\u00ae<\/sup><\/h3>[vc_column_text]<\/p>\n<p style=\"text-align: center;\">AktuarWin<sup>\u00ae<\/sup> apoya a las aseguradoras de accidentes y riesgos en la gesti\u00f3n empresarial basada en el valor.<br \/>\n<a href=\"https:\/\/risk-consulting.de\/es\/productos\/aktuarwin\/\"><strong>M\u00e1s informaci\u00f3n<\/strong><\/a><\/p>\n<p>[\/vc_column_text][\/vc_column_inner][\/vc_row_inner][\/vc_column][\/vc_row]<\/p>\n<\/div>","protected":false},"excerpt":{"rendered":"<p>[vc_row bg_type=\u00bb\u00bb dima_canvas_style=\u00bb\u00bb translate_x=\u00bb0&#8243; dima_z_index=\u00bb0&#8243; delay=\u00bb\u00bb delay_duration=\u00bb\u00bb delay_offset=\u00bb\u00bb][vc_column min_height=\u00bb\u00bb bg_type=\u00bb\u00bb dima_canvas_style=\u00bb\u00bb translate_x=\u00bb0&#8243; dima_z_index=\u00bb0&#8243; delay=\u00bb\u00bb delay_duration=\u00bb\u00bb delay_offset=\u00bb\u00bb width=\u00bb1\/1&#8243;][vc_row_inner bg_type=\u00bb\u00bb dima_canvas_style=\u00bb\u00bb translate_x=\u00bb0&#8243; dima_z_index=\u00bb0&#8243;][vc_column_inner delay=\u00bb\u00bb delay_duration=\u00bb\u00bb delay_offset=\u00bb\u00bb translate_x=\u00bb0&#8243; dima_z_index=\u00bb0&#8243; width=\u00bb1\/3&#8243;][vc_icon icon_fontawesome=\u00bbfas fa-heartbeat\u00bb color=\u00bbcustom\u00bb size=\u00bbxl\u00bb align=\u00bbcenter\u00bb custom_color=\u00bb#0088cc\u00bb][vc_column_text] AktuarMed\u00ae permite a la aseguradora generar una decisi\u00f3n de suscripci\u00f3n f\u00e1cil de ejecutar y basada en la evidencia. M\u00e1s informaci\u00f3n [\/vc_column_text][\/vc_column_inner][vc_column_inner delay=\u00bb\u00bb [&hellip;]<\/p>\n","protected":false},"author":4,"featured_media":0,"parent":0,"menu_order":0,"comment_status":"closed","ping_status":"closed","template":"","meta":{"footnotes":""},"class_list":["post-2695","page","type-page","status-publish","hentry"],"_links":{"self":[{"href":"https:\/\/risk-consulting.de\/es\/wp-json\/wp\/v2\/pages\/2695"}],"collection":[{"href":"https:\/\/risk-consulting.de\/es\/wp-json\/wp\/v2\/pages"}],"about":[{"href":"https:\/\/risk-consulting.de\/es\/wp-json\/wp\/v2\/types\/page"}],"author":[{"embeddable":true,"href":"https:\/\/risk-consulting.de\/es\/wp-json\/wp\/v2\/users\/4"}],"replies":[{"embeddable":true,"href":"https:\/\/risk-consulting.de\/es\/wp-json\/wp\/v2\/comments?post=2695"}],"version-history":[{"count":12,"href":"https:\/\/risk-consulting.de\/es\/wp-json\/wp\/v2\/pages\/2695\/revisions"}],"predecessor-version":[{"id":3177,"href":"https:\/\/risk-consulting.de\/es\/wp-json\/wp\/v2\/pages\/2695\/revisions\/3177"}],"wp:attachment":[{"href":"https:\/\/risk-consulting.de\/es\/wp-json\/wp\/v2\/media?parent=2695"}],"curies":[{"name":"wp","href":"https:\/\/api.w.org\/{rel}","templated":true}]}}