{"id":2676,"date":"2022-01-07T12:55:06","date_gmt":"2022-01-07T12:55:06","guid":{"rendered":"https:\/\/risk-consulting.de\/?page_id=2676"},"modified":"2024-10-29T16:58:09","modified_gmt":"2024-10-29T16:58:09","slug":"home","status":"publish","type":"page","link":"https:\/\/risk-consulting.de\/es\/","title":{"rendered":"Home"},"content":{"rendered":"<div class=\"wpb-content-wrapper\"><p>[vc_row no_padding=\u00bbtrue\u00bb bg_type=\u00bb\u00bb dima_canvas_style=\u00bb\u00bb translate_x=\u00bb0&#8243; dima_z_index=\u00bb0&#8243; delay=\u00bb\u00bb delay_duration=\u00bb\u00bb delay_offset=\u00bb\u00bb top_and_bottom_padding=\u00bb9.375em\u00bb left_and_right_padding=\u00bb\u00bb class=\u00bb\u00bb style=\u00bb\u00bb id=\u00bb\u00bb border_color=\u00bb\u00bb css=\u00bb.vc_custom_1628761557559{background-color: #ffffff !important;}\u00bb][vc_column min_height=\u00bb\u00bb content_position=\u00bbstart\u00bb bg_type=\u00bb\u00bb dima_canvas_style=\u00bb\u00bb translate_x=\u00bb0&#8243; dima_z_index=\u00bb0&#8243; delay=\u00bb\u00bb delay_duration=\u00bb\u00bb delay_offset=\u00bb\u00bb top_and_bottom_padding=\u00bb\u00bb left_and_right_padding=\u00bb\u00bb width=\u00bb1\/1&#8243; id=\u00bb\u00bb class=\u00bb\u00bb style=\u00bb\u00bb border_color=\u00bb\u00bb]<h2  class=\"dima-custom-heading text-center\" >Nuestros productos<\/h2><p style=\"text-align: center;\">Ofrecemos productos y soluciones para la selecci\u00f3n y el control de riesgos, as\u00ed como la gesti\u00f3n de procesos en las compa\u00f1\u00edas de seguros. Nuestros productos basados en datos est\u00e1n digitalizando el sector de los seguros.<\/p>\n<div  class=\"dima-clear\" style=\"padding-bottom:4.375em\"><\/div>[vc_row_inner bg_type=\u00bb\u00bb dima_canvas_style=\u00bb\u00bb translate_x=\u00bb0&#8243; dima_z_index=\u00bb0&#8243; top_and_bottom_padding=\u00bb\u00bb left_and_right_padding=\u00bb\u00bb id=\u00bb\u00bb class=\u00bb\u00bb style=\u00bb\u00bb css=\u00bb.vc_custom_1628761743049{margin-bottom: 50px !important;}\u00bb border_color=\u00bb\u00bb][vc_column_inner delay=\u00bb\u00bb delay_duration=\u00bb\u00bb delay_offset=\u00bb\u00bb translate_x=\u00bb0&#8243; dima_z_index=\u00bb0&#8243; width=\u00bb1\/4&#8243; id=\u00bb\u00bb class=\u00bb\u00bb style=\u00bb\u00bb css=\u00bb.vc_custom_1612455691779{border-bottom-width: 10px !important;}\u00bb border_color=\u00bb\u00bb][vc_icon icon_fontawesome=\u00bbfas fa-heartbeat\u00bb color=\u00bbcustom\u00bb size=\u00bbxl\u00bb align=\u00bbcenter\u00bb custom_color=\u00bb#0088cc\u00bb]<h3  class=\"dima-custom-heading text-center\" >AktuarMed<sup>\u00ae<\/sup><\/h3><p style=\"text-align: center;\">AktuarMed<sup>\u00ae<\/sup> permite a la aseguradora generar una decisi\u00f3n f\u00e1cil de ejecutar, basada en la evidencia.<br \/>\n<a href=\"https:\/\/risk-consulting.de\/es\/productos\/aktuarmed\/\"><strong>M\u00e1s informaci\u00f3n<\/strong><\/a><\/p>\n[\/vc_column_inner][vc_column_inner delay=\u00bb\u00bb delay_duration=\u00bb\u00bb delay_offset=\u00bb\u00bb translate_x=\u00bb0&#8243; dima_z_index=\u00bb0&#8243; width=\u00bb1\/4&#8243; id=\u00bb\u00bb class=\u00bb\u00bb style=\u00bb\u00bb css=\u00bb.vc_custom_1612455705224{border-bottom-width: 10px !important;}\u00bb border_color=\u00bb\u00bb][vc_icon icon_fontawesome=\u00bbfas fa-project-diagram\u00bb color=\u00bbcustom\u00bb size=\u00bbxl\u00bb align=\u00bbcenter\u00bb custom_color=\u00bb#0088cc\u00bb]<h3  class=\"dima-custom-heading text-center\" >CDE<sup>\u00ae<\/sup><\/h3><p style=\"text-align: center;\">CDE<sup>\u00ae<\/sup> plantea preguntas interactivas basadas en estad\u00edsticas para recopilar digitalmente el historial m\u00e9dico de una persona.<br \/>\n<a href=\"https:\/\/risk-consulting.de\/es\/productos\/cde\/\"><strong>M\u00e1s informaci\u00f3n<\/strong><\/a><\/p>\n[\/vc_column_inner][vc_column_inner delay=\u00bb\u00bb delay_duration=\u00bb\u00bb delay_offset=\u00bb\u00bb translate_x=\u00bb0&#8243; dima_z_index=\u00bb0&#8243; width=\u00bb1\/4&#8243; id=\u00bb\u00bb class=\u00bb\u00bb style=\u00bb\u00bb css=\u00bb.vc_custom_1612455711844{border-bottom-width: 10px !important;}\u00bb border_color=\u00bb\u00bb][vc_icon icon_fontawesome=\u00bbfas fa-compress-arrows-alt\u00bb color=\u00bbcustom\u00bb size=\u00bbxl\u00bb align=\u00bbcenter\u00bb custom_color=\u00bb#0088cc\u00bb]<h3  class=\"dima-custom-heading text-center\" >Aktuar\u00adCompress<sup>\u00ae<\/sup><\/h3><p style=\"text-align: center;\">AktuarCompress<sup>\u00ae<\/sup> ofrece una visi\u00f3n hol\u00edstica del historial m\u00e9dico individual de una persona asegurada.<br \/>\n<a href=\"https:\/\/risk-consulting.de\/es\/productos\/aktuarcompress\/\"><strong>M\u00e1s informaci\u00f3n<\/strong><\/a><\/p>\n[\/vc_column_inner][vc_column_inner delay=\u00bb\u00bb delay_duration=\u00bb\u00bb delay_offset=\u00bb\u00bb translate_x=\u00bb0&#8243; dima_z_index=\u00bb0&#8243; width=\u00bb1\/4&#8243; id=\u00bb\u00bb class=\u00bb\u00bb style=\u00bb\u00bb css=\u00bb.vc_custom_1612455717758{border-bottom-width: 10px !important;}\u00bb border_color=\u00bb\u00bb][vc_icon icon_fontawesome=\u00bbfas fa-long-arrow-alt-right\u00bb color=\u00bbcustom\u00bb size=\u00bbxl\u00bb align=\u00bbcenter\u00bb custom_color=\u00bb#0088cc\u00bb link=\u00bburl:https%3A%2F%2Frisk-consulting.de%2Fes%2Fsoluciones%2F\u00bb]<h3  class=\"dima-custom-heading text-center\" >M\u00e1s productos<\/h3><p style=\"text-align: center;\">Haga clic aqu\u00ed para obtener una descripci\u00f3n general, asi como nuestros productos para los seguros de la propiedad y contra riesgos.<br \/>\n<a href=\"https:\/\/risk-consulting.de\/es\/soluciones\/\"><strong>M\u00e1s informaci\u00f3n<\/strong><\/a><\/p>\n[\/vc_column_inner][\/vc_row_inner]<div  class=\"dima-clear\" style=\"padding-bottom:15px\"><\/div>[\/vc_column][\/vc_row][vc_row bg_type=\u00bb\u00bb dima_canvas_style=\u00bbcanvas_1&#8243; dima_canvas_color=\u00bbrgba(68,68,68,0.2)\u00bb translate_x=\u00bb0&#8243; dima_z_index=\u00bb0&#8243; delay=\u00bb\u00bb delay_duration=\u00bb\u00bb delay_offset=\u00bb\u00bb top_and_bottom_padding=\u00bb9.375em\u00bb left_and_right_padding=\u00bb\u00bb class=\u00bb\u00bb style=\u00bb\u00bb id=\u00bb\u00bb border_color=\u00bb\u00bb css=\u00bb.vc_custom_1607001617647{background-color: #e0e0e0 !important;}\u00bb][vc_column min_height=\u00bb\u00bb bg_type=\u00bb\u00bb dima_canvas_style=\u00bb\u00bb translate_x=\u00bb0&#8243; dima_z_index=\u00bb0&#8243; delay=\u00bb\u00bb delay_duration=\u00bb\u00bb delay_offset=\u00bb\u00bb top_and_bottom_padding=\u00bb\u00bb left_and_right_padding=\u00bb\u00bb width=\u00bb1\/1&#8243;]<h2  class=\"dima-custom-heading text-center\" >En acci\u00f3n<\/h2><p style=\"text-align: center;\">Apoyamos a las compa\u00f1\u00edas de seguros en su gesti\u00f3n empresarial basada en datos. Los siguientes ejemplos ilustran nuestra experiencia en la predicci\u00f3n y evaluaci\u00f3n de riesgos.<\/p>\n<div  class=\"dima-clear\" style=\"padding-bottom:4.375em\"><\/div>[vc_row_inner bg_type=\u00bbbg_color\u00bb dima_canvas_style=\u00bb\u00bb translate_x=\u00bb0&#8243; dima_z_index=\u00bb0&#8243; top_and_bottom_padding=\u00bb\u00bb left_and_right_padding=\u00bb\u00bb][vc_column_inner delay=\u00bb\u00bb delay_duration=\u00bb\u00bb delay_offset=\u00bb\u00bb translate_x=\u00bb0&#8243; dima_z_index=\u00bb0&#8243; width=\u00bb1\/4&#8243;]<h3  class=\"dima-custom-heading text-center\" >Predicci\u00f3n de riesgos de futuras enfermedades<\/h3><p style=\"text-align: center;\">Predicci\u00f3n de la aparici\u00f3n de enfermedades comunes mediante modelos predictivos<\/p>\n[\/vc_column_inner][vc_column_inner delay=\u00bb\u00bb delay_duration=\u00bb\u00bb delay_offset=\u00bb\u00bb translate_x=\u00bb0&#8243; dima_z_index=\u00bb0&#8243; width=\u00bb1\/4&#8243;]<h3  class=\"dima-custom-heading text-center\" >Precios en los seguros de accidentes personales<\/h3><p style=\"text-align: center;\">Evaluaci\u00f3n de las extensiones de cobertura y mejora de los programas de p\u00e9rdida de miembros<\/p>\n[\/vc_column_inner][vc_column_inner delay=\u00bb\u00bb delay_duration=\u00bb\u00bb delay_offset=\u00bb\u00bb translate_x=\u00bb0&#8243; dima_z_index=\u00bb0&#8243; width=\u00bb1\/4&#8243;]<h3  class=\"dima-custom-heading text-center\" >Modelos predictivos para seguros multil\u00ednea<\/h3><p style=\"text-align: center;\">Expectativas de siniestros, vencimientos y ventas cruzadas<\/p>\n[\/vc_column_inner][vc_column_inner delay=\u00bb\u00bb delay_duration=\u00bb\u00bb delay_offset=\u00bb\u00bb translate_x=\u00bb0&#8243; dima_z_index=\u00bb0&#8243; width=\u00bb1\/4&#8243;]<h3  class=\"dima-custom-heading text-center\" >M\u00e1s informaci\u00f3n sobre nuestros proyectos<\/h3><p style=\"text-align: center;\"><a href=\"https:\/\/risk-consulting.de\/es\/en-accion\/\"><strong>M\u00e1s informaci\u00f3n<\/strong><\/a><\/p>\n[\/vc_column_inner][\/vc_row_inner][\/vc_column][\/vc_row][vc_row bg_type=\u00bb\u00bb dima_canvas_style=\u00bb\u00bb translate_x=\u00bb0&#8243; dima_z_index=\u00bb0&#8243; delay=\u00bb\u00bb delay_duration=\u00bb\u00bb delay_offset=\u00bb\u00bb][vc_column min_height=\u00bb\u00bb bg_type=\u00bb\u00bb dima_canvas_style=\u00bb\u00bb translate_x=\u00bb0&#8243; dima_z_index=\u00bb0&#8243; delay=\u00bb\u00bb delay_duration=\u00bb\u00bb delay_offset=\u00bb\u00bb width=\u00bb1\/1&#8243;]<h2  class=\"dima-custom-heading text-center\" >Nuestro conjunto de habilidades<\/h2><div  class=\"dima-clear\" style=\"padding-bottom:15px\"><\/div>[vc_row_inner bg_type=\u00bb\u00bb dima_canvas_style=\u00bb\u00bb translate_x=\u00bb0&#8243; dima_z_index=\u00bb0&#8243;][vc_column_inner delay=\u00bb\u00bb delay_duration=\u00bb\u00bb delay_offset=\u00bb\u00bb translate_x=\u00bb0&#8243; dima_z_index=\u00bb0&#8243; width=\u00bb1\/3&#8243;][vc_single_image image=\u00bb2007&#8243; img_size=\u00bblarge\u00bb][\/vc_column_inner][vc_column_inner delay=\u00bb\u00bb delay_duration=\u00bb\u00bb delay_offset=\u00bb\u00bb translate_x=\u00bb0&#8243; dima_z_index=\u00bb0&#8243; width=\u00bb2\/3&#8243;]<div  class=\"dima-iconbox no-box text-start features-start\" ><header  class=\"icon-box-header\" ><i style=\"color:#0088cc;\" class=\"simple-icon-equalizer  icon-box-medium\"><\/i><\/header><div  class=\"features-content\" ><h5 class=\"features-title no-title-hover\" >An\u00e1lisis de datos y bases de datos<\/h5>Somos expertos en la gesti\u00f3n de grandes bases de datos y sistemas de gesti\u00f3n de datos. Trabajamos siempre de forma orientada a la pr\u00e1ctica y con metodolog\u00edas cruzadas. Utilizamos m\u00e9todos de an\u00e1lisis de datos y aprendizaje autom\u00e1tico, incluidos modelos aditivos generalizados, m\u00e9todos basados en \u00e1rbol, m\u00e9todos de agrupaci\u00f3n, redes neuronales&#8230;<\/p>\n<\/div><\/div><div  class=\"dima-iconbox no-box text-start features-start\" ><header  class=\"icon-box-header\" ><i style=\"color:#0088cc;\" class=\"simple-icon-shield  icon-box-medium\"><\/i><\/header><div  class=\"features-content\" ><h5 class=\"features-title no-title-hover\" >Todas las l\u00edneas de seguro<\/h5>Nuestros clientes aprecian la combinaci\u00f3n en RISK-CONSULTING de profundos conocimientos en materia de seguros y una amplia experiencia y especializaci\u00f3n con an\u00e1lisis de datos. Apoyamos a las compa\u00f1\u00edas de seguros en todas las l\u00edneas de seguros. Nuestras herramientas basadas en datos est\u00e1n digitalizando el sector de los seguros.<\/p>\n<\/div><\/div><div  class=\"dima-iconbox no-box text-start features-start\" style=\"style=\"margin-top:20px\"\"><header  class=\"icon-box-header\" ><i style=\"color:#0088cc;\" class=\"simple-icon-badge  icon-box-medium icon-box-hover\"><\/i><\/header><div  class=\"features-content\" ><h5 class=\"features-title no-title-hover\" >25 a\u00f1os de experiencia<\/h5>RISK-CONSULTING lleva m\u00e1s de 25 a\u00f1os desarrollando conceptos y soluciones para la selecci\u00f3n y el control de riesgos, as\u00ed como la gesti\u00f3n de procesos para compa\u00f1\u00edas de seguros. Somos una de las principales empresas de consultor\u00eda en an\u00e1lisis de datos y cuestiones actuariales en el \u00e1mbito de los seguros personales y contra accidentes y riesgos.<\/p>\n<\/div><\/div>[\/vc_column_inner][\/vc_row_inner][\/vc_column][\/vc_row][vc_row bg_type=\u00bb\u00bb dima_canvas_style=\u00bbcanvas_1&#8243; dima_canvas_color=\u00bbrgba(68,68,68,0.2)\u00bb translate_x=\u00bb0&#8243; dima_z_index=\u00bb0&#8243; delay=\u00bb\u00bb delay_duration=\u00bb\u00bb delay_offset=\u00bb\u00bb id=\u00bb\u00bb class=\u00bb\u00bb border_color=\u00bb\u00bb css=\u00bb.vc_custom_1607558930947{background-color: #e0e0e0 !important;}\u00bb][vc_column min_height=\u00bb\u00bb bg_type=\u00bb\u00bb dima_canvas_style=\u00bb\u00bb translate_x=\u00bb0&#8243; dima_z_index=\u00bb0&#8243; delay=\u00bb\u00bb delay_duration=\u00bb\u00bb delay_offset=\u00bb\u00bb width=\u00bb1\/1&#8243;]<h2  class=\"dima-custom-heading\" >Qui\u00e9nes somos<\/h2>[vc_row_inner bg_type=\u00bb\u00bb dima_canvas_style=\u00bb\u00bb translate_x=\u00bb0&#8243; dima_z_index=\u00bb0&#8243;][vc_column_inner delay=\u00bb\u00bb delay_duration=\u00bb\u00bb delay_offset=\u00bb\u00bb translate_x=\u00bb0&#8243; dima_z_index=\u00bb0&#8243; width=\u00bb2\/3&#8243;]<p>RISK-CONSULTING Prof. Dr. Weyer GmbH fue fundada en 1992 por el Prof. J\u00fcrgen Weyer, profesor de Matem\u00e1ticas Aplicadas de la Universidad de Colonia. En la actualidad es l\u00edder en el \u00e1rea del an\u00e1lisis de datos y consultor\u00eda actuarial tanto en seguros personales como de la propiedad.<\/p>\n<p>Una especialidad de RISK-CONSULTING es el an\u00e1lisis y evaluaci\u00f3n de grandes bases de datos utilizando la extracci\u00f3n de datos y la modelizaci\u00f3n predictiva. RISK-CONSULTING apoya a las aseguradoras en la gesti\u00f3n de su negocio para aumentar las ganancias, intensificar el enfoque en el cliente y lograr una mayor automatizaci\u00f3n de los procesos. Con nuestros conocimientos espec\u00edficos, desarrollamos conceptos y soluciones para la selecci\u00f3n y el control de riesgos, as\u00ed como para la optimizaci\u00f3n de los procesos. \u00a1Nuestras herramientas basadas en datos est\u00e1n digitalizando el sector de los seguros!<\/p>\n[vc_btn title=\u00bbM\u00e1s informaci\u00f3n\u00bb style=\u00bbflat\u00bb shape=\u00bbround\u00bb color=\u00bbprimary\u00bb size=\u00bbsm\u00bb align=\u00bbcenter\u00bb link=\u00bburl:https%3A%2F%2Frisk-consulting.de%2Fes%2Fnosotros%2F|title:Qui%C3%A9nes%20somos\u00bb][\/vc_column_inner][vc_column_inner delay=\u00bb\u00bb delay_duration=\u00bb\u00bb delay_offset=\u00bb\u00bb translate_x=\u00bb0&#8243; dima_z_index=\u00bb0&#8243; width=\u00bb1\/3&#8243;]<div class=\"column-item overflow-hidden text-center columns-1\"><img loading=\"lazy\" decoding=\"async\" width=\"500\" height=\"250\"  class=\"dima-img \" src=\"https:\/\/risk-consulting.de\/wp-content\/uploads\/2021\/10\/risk-consulting-bildmarke-about-us.png\"   alt=\"\"><\/div>[\/vc_column_inner][\/vc_row_inner][\/vc_column][\/vc_row][vc_row bg_type=\u00bb\u00bb dima_canvas_style=\u00bb\u00bb translate_x=\u00bb0&#8243; dima_z_index=\u00bb0&#8243; delay=\u00bb\u00bb delay_duration=\u00bb\u00bb delay_offset=\u00bb\u00bb id=\u00bb\u00bb class=\u00bb\u00bb css=\u00bb.vc_custom_1607558999699{margin-top: 0px !important;}\u00bb border_color=\u00bb\u00bb][vc_column min_height=\u00bb\u00bb bg_type=\u00bb\u00bb dima_canvas_style=\u00bb\u00bb translate_x=\u00bb0&#8243; dima_z_index=\u00bb0&#8243; delay=\u00bb\u00bb delay_duration=\u00bb\u00bb delay_offset=\u00bb\u00bb width=\u00bb1\/1&#8243;]<h2  class=\"dima-custom-heading text-center\" >Nuestros clientes<\/h2>[vc_row_inner bg_type=\u00bb\u00bb dima_canvas_style=\u00bb\u00bb translate_x=\u00bb0&#8243; dima_z_index=\u00bb0&#8243;][vc_column_inner delay=\u00bb\u00bb delay_duration=\u00bb\u00bb delay_offset=\u00bb\u00bb translate_x=\u00bb0&#8243; dima_z_index=\u00bb0&#8243; width=\u00bb1\/6&#8243;][vc_single_image image=\u00bb1987&#8243; img_size=\u00bbmedium\u00bb alignment=\u00bbcenter\u00bb][\/vc_column_inner][vc_column_inner delay=\u00bb\u00bb delay_duration=\u00bb\u00bb delay_offset=\u00bb\u00bb translate_x=\u00bb0&#8243; dima_z_index=\u00bb0&#8243; width=\u00bb1\/6&#8243;][vc_single_image image=\u00bb1990&#8243; img_size=\u00bbmedium\u00bb alignment=\u00bbcenter\u00bb][\/vc_column_inner][vc_column_inner delay=\u00bb\u00bb delay_duration=\u00bb\u00bb delay_offset=\u00bb\u00bb translate_x=\u00bb0&#8243; dima_z_index=\u00bb0&#8243; width=\u00bb1\/6&#8243;][vc_single_image image=\u00bb2416&#8243; img_size=\u00bbmedium\u00bb alignment=\u00bbcenter\u00bb][\/vc_column_inner][vc_column_inner delay=\u00bb\u00bb delay_duration=\u00bb\u00bb delay_offset=\u00bb\u00bb translate_x=\u00bb0&#8243; dima_z_index=\u00bb0&#8243; width=\u00bb1\/6&#8243;][vc_single_image image=\u00bb1989&#8243; img_size=\u00bbmedium\u00bb alignment=\u00bbcenter\u00bb][\/vc_column_inner][vc_column_inner delay=\u00bb\u00bb delay_duration=\u00bb\u00bb delay_offset=\u00bb\u00bb translate_x=\u00bb0&#8243; dima_z_index=\u00bb0&#8243; width=\u00bb1\/6&#8243;][vc_single_image image=\u00bb2409&#8243; img_size=\u00bbmedium\u00bb alignment=\u00bbcenter\u00bb][\/vc_column_inner][vc_column_inner delay=\u00bb\u00bb delay_duration=\u00bb\u00bb delay_offset=\u00bb\u00bb translate_x=\u00bb0&#8243; dima_z_index=\u00bb0&#8243; width=\u00bb1\/6&#8243;][vc_btn title=\u00bbM\u00e1s informaci\u00f3n\u00bb style=\u00bbflat\u00bb shape=\u00bbround\u00bb color=\u00bbprimary\u00bb size=\u00bbsm\u00bb align=\u00bbcenter\u00bb link=\u00bburl:https%3A%2F%2Frisk-consulting.de%2Fes%2Freferencias%2F|title:Referencias\u00bb css=\u00bb.vc_custom_1641560852128{margin-top: 60px !important;}\u00bb][\/vc_column_inner][\/vc_row_inner][\/vc_column][\/vc_row]<\/p>\n<\/div>","protected":false},"excerpt":{"rendered":"<p>[vc_row no_padding=\u00bbtrue\u00bb bg_type=\u00bb\u00bb dima_canvas_style=\u00bb\u00bb translate_x=\u00bb0&#8243; dima_z_index=\u00bb0&#8243; delay=\u00bb\u00bb delay_duration=\u00bb\u00bb delay_offset=\u00bb\u00bb top_and_bottom_padding=\u00bb9.375em\u00bb left_and_right_padding=\u00bb\u00bb class=\u00bb\u00bb style=\u00bb\u00bb id=\u00bb\u00bb border_color=\u00bb\u00bb css=\u00bb.vc_custom_1628761557559{background-color: #ffffff !important;}\u00bb][vc_column min_height=\u00bb\u00bb content_position=\u00bbstart\u00bb bg_type=\u00bb\u00bb dima_canvas_style=\u00bb\u00bb translate_x=\u00bb0&#8243; dima_z_index=\u00bb0&#8243; delay=\u00bb\u00bb delay_duration=\u00bb\u00bb delay_offset=\u00bb\u00bb top_and_bottom_padding=\u00bb\u00bb left_and_right_padding=\u00bb\u00bb width=\u00bb1\/1&#8243; id=\u00bb\u00bb class=\u00bb\u00bb style=\u00bb\u00bb border_color=\u00bb\u00bb][vc_row_inner bg_type=\u00bb\u00bb dima_canvas_style=\u00bb\u00bb translate_x=\u00bb0&#8243; dima_z_index=\u00bb0&#8243; top_and_bottom_padding=\u00bb\u00bb left_and_right_padding=\u00bb\u00bb id=\u00bb\u00bb class=\u00bb\u00bb style=\u00bb\u00bb css=\u00bb.vc_custom_1628761743049{margin-bottom: 50px !important;}\u00bb border_color=\u00bb\u00bb][vc_column_inner delay=\u00bb\u00bb delay_duration=\u00bb\u00bb delay_offset=\u00bb\u00bb translate_x=\u00bb0&#8243; dima_z_index=\u00bb0&#8243; width=\u00bb1\/4&#8243; id=\u00bb\u00bb class=\u00bb\u00bb [&hellip;]<\/p>\n","protected":false},"author":4,"featured_media":0,"parent":0,"menu_order":0,"comment_status":"closed","ping_status":"closed","template":"","meta":{"footnotes":""},"class_list":["post-2676","page","type-page","status-publish","hentry"],"_links":{"self":[{"href":"https:\/\/risk-consulting.de\/es\/wp-json\/wp\/v2\/pages\/2676"}],"collection":[{"href":"https:\/\/risk-consulting.de\/es\/wp-json\/wp\/v2\/pages"}],"about":[{"href":"https:\/\/risk-consulting.de\/es\/wp-json\/wp\/v2\/types\/page"}],"author":[{"embeddable":true,"href":"https:\/\/risk-consulting.de\/es\/wp-json\/wp\/v2\/users\/4"}],"replies":[{"embeddable":true,"href":"https:\/\/risk-consulting.de\/es\/wp-json\/wp\/v2\/comments?post=2676"}],"version-history":[{"count":29,"href":"https:\/\/risk-consulting.de\/es\/wp-json\/wp\/v2\/pages\/2676\/revisions"}],"predecessor-version":[{"id":3210,"href":"https:\/\/risk-consulting.de\/es\/wp-json\/wp\/v2\/pages\/2676\/revisions\/3210"}],"wp:attachment":[{"href":"https:\/\/risk-consulting.de\/es\/wp-json\/wp\/v2\/media?parent=2676"}],"curies":[{"name":"wp","href":"https:\/\/api.w.org\/{rel}","templated":true}]}}