{"id":2652,"date":"2022-01-07T11:20:58","date_gmt":"2022-01-07T11:20:58","guid":{"rendered":"https:\/\/risk-consulting.de\/?page_id=2652"},"modified":"2022-09-26T07:44:22","modified_gmt":"2022-09-26T07:44:22","slug":"en-accion","status":"publish","type":"page","link":"https:\/\/risk-consulting.de\/es\/en-accion\/","title":{"rendered":"En acci\u00f3n"},"content":{"rendered":"<div class=\"wpb-content-wrapper\"><p>[vc_row bg_type=\u00bb\u00bb dima_canvas_style=\u00bb\u00bb translate_x=\u00bb0&#8243; dima_z_index=\u00bb0&#8243; delay=\u00bb\u00bb delay_duration=\u00bb\u00bb delay_offset=\u00bb\u00bb id=\u00bb\u00bb class=\u00bb\u00bb border_color=\u00bb\u00bb css=\u00bb.vc_custom_1612444697141{margin-bottom: -50px !important;}\u00bb][vc_column min_height=\u00bb\u00bb bg_type=\u00bb\u00bb dima_canvas_style=\u00bb\u00bb translate_x=\u00bb0&#8243; dima_z_index=\u00bb0&#8243; delay=\u00bb\u00bb delay_duration=\u00bb\u00bb delay_offset=\u00bb\u00bb width=\u00bb1\/1&#8243;]<h1>En acci\u00f3n<\/h1>\n<p>Apoyamos a las compa\u00f1\u00edas de seguros en su gesti\u00f3n empresarial basada en datos. Los siguientes ejemplos ilustran nuestra experiencia en la predicci\u00f3n y evaluaci\u00f3n de riesgos.<\/p>\n[vc_row_inner bg_type=\u00bb\u00bb dima_canvas_style=\u00bb\u00bb translate_x=\u00bb0&#8243; dima_z_index=\u00bb0&#8243; id=\u00bb\u00bb class=\u00bb\u00bb style=\u00bb\u00bb css=\u00bb.vc_custom_1612452367440{margin-top: 70px !important;}\u00bb border_color=\u00bb\u00bb][vc_column_inner delay=\u00bb\u00bb delay_duration=\u00bb\u00bb delay_offset=\u00bb\u00bb translate_x=\u00bb0&#8243; dima_z_index=\u00bb0&#8243; width=\u00bb1\/3&#8243;][vc_single_image image=\u00bb1821&#8243; img_size=\u00bblarge\u00bb][\/vc_column_inner][vc_column_inner delay=\u00bb\u00bb delay_duration=\u00bb\u00bb delay_offset=\u00bb\u00bb translate_x=\u00bb0&#8243; dima_z_index=\u00bb0&#8243; width=\u00bb2\/3&#8243;]<h2  class=\"dima-custom-heading\" >Predicci\u00f3n de riesgos de futuras enfermedades<\/h2><h4  class=\"dima-custom-heading\" >Predicci\u00f3n de la aparici\u00f3n de enfermedades comunes mediante modelos predictivos<\/h4><p>El negocio de los seguros de salud se caracteriza por una alta frecuencia de actuaciones m\u00e9dicas. En Alemania y algunos otros pa\u00edses, estas actuaciones m\u00e9dicas se presentan con condiciones m\u00e9dicas nombradas y c\u00f3digos CIE para las condiciones. Por lo tanto, para las aseguradoras de estos pa\u00edses, muchos datos e informaci\u00f3n sobre el historial de salud de cada individuo est\u00e1n disponibles dentro de los datos de siniestros. Sobre una amplia base de datos de actuaciones m\u00e9dicas sanitarias alemanas an\u00f3nimas, RISK-CONSULTING predijo la aparici\u00f3n y progresi\u00f3n de diferentes enfermedades como dolor de espalda grave, enfermedades card\u00edacas, depresi\u00f3n, etc. Para ello, RISK-CONSULTING utiliz\u00f3 varios m\u00e9todos de modelado predictivo como redes neuronales, modelos aditivos generalizados y m\u00e9todos basados en \u00e1rbol.<\/p>\n<p>La predicci\u00f3n de la aparici\u00f3n de enfermedades generalizadas en los individuos apoya el nuevo enfoque centrado en el cliente de las principales aseguradoras de salud. La identificaci\u00f3n de los asegurados que tienen un mayor riesgo de desarrollar determinadas enfermedades permite al asegurador sugerir la prevenci\u00f3n adecuada y ayuda a los asegurados a vivir una vida m\u00e1s saludable.<\/p>\n<p><strong><a href=\"mailto:info@risk-consulting.com?subject=Informaci\u00f3n%20-%20Predicci\u00f3n%20de%20riesgos%20de%20futuras%20entfermedades\">Para obtener m\u00e1s informaci\u00f3n, p\u00f3ngase en contacto con nosotros<\/a><\/strong><\/p>\n[\/vc_column_inner][\/vc_row_inner][\/vc_column][\/vc_row][vc_row bg_type=\u00bb\u00bb dima_canvas_style=\u00bb\u00bb translate_x=\u00bb0&#8243; dima_z_index=\u00bb0&#8243; delay=\u00bb\u00bb delay_duration=\u00bb\u00bb delay_offset=\u00bb\u00bb id=\u00bb\u00bb class=\u00bb\u00bb css=\u00bb.vc_custom_1608214969714{background-color: rgba(0,108,204,0.37) !important;*background-color: rgb(0,108,204) !important;}\u00bb border_color=\u00bb\u00bb][vc_column min_height=\u00bb\u00bb bg_type=\u00bb\u00bb dima_canvas_style=\u00bb\u00bb translate_x=\u00bb0&#8243; dima_z_index=\u00bb0&#8243; delay=\u00bb\u00bb delay_duration=\u00bb\u00bb delay_offset=\u00bb\u00bb width=\u00bb2\/3&#8243;]<h2  class=\"dima-custom-heading\" >Precios en los seguros de accidentes personales<\/h2><h4  class=\"dima-custom-heading\" >Evaluaci\u00f3n de las extensiones de la cobertura y mejora de las tablas de invalidez<\/h4><p>Debido a la gran competencia, la gama de productos del seguro de accidentes personales aumenta constantemente. En particular, el seguro de accidentes ofrece ahora una amplia gama de extensiones de cobertura m\u00e1s all\u00e1 de la definici\u00f3n cl\u00e1sica de accidentes, por ejemplo, para determinadas enfermedades infecciosas o accidentes causados por el deterioro de la conciencia. Asimismo, se ofrecen tablas de invalidez mejoradas.<\/p>\n<p>RISK-CONSULTING ha evaluado varias mejoras de cobertura y mejoras en las tablas de invalidez para varias aseguradoras. Para este an\u00e1lisis, tambi\u00e9n se utilizaron accidentes identificados en una gran base de datos an\u00f3nima sobre actuaciones m\u00e9dicas de seguros de salud privados. De esta manera, se han podido obtener conocimientos que no podr\u00edan haberse conseguido \u00fanicamente con los datos de los seguros de accidentes. Tambi\u00e9n podr\u00eda cuantificarse el efecto del envejecimiento en relaci\u00f3n con las extensiones de la cobertura.<\/p>\n<p>Sobre esta base, se podr\u00edan ofrecer a los asegurados productos nuevos y mejorados con contribuciones actuariales bien calculadas.<\/p>\n<p><strong><a href=\"mailto:info@risk-consulting.com?subject=Informaci\u00f3n - Precios en los seguros de accidentes personales\">Para obtener m\u00e1s informaci\u00f3n, p\u00f3ngase en contacto con nosotros<\/a><\/strong><\/p>\n[\/vc_column][vc_column min_height=\u00bb\u00bb bg_type=\u00bb\u00bb dima_canvas_style=\u00bb\u00bb translate_x=\u00bb0&#8243; dima_z_index=\u00bb0&#8243; delay=\u00bb\u00bb delay_duration=\u00bb\u00bb delay_offset=\u00bb\u00bb width=\u00bb1\/3&#8243;][vc_single_image image=\u00bb2005&#8243; img_size=\u00bblarge\u00bb][\/vc_column][\/vc_row][vc_row bg_type=\u00bb\u00bb dima_canvas_style=\u00bb\u00bb translate_x=\u00bb0&#8243; dima_z_index=\u00bb0&#8243; delay=\u00bb\u00bb delay_duration=\u00bb\u00bb delay_offset=\u00bb\u00bb id=\u00bb\u00bb class=\u00bb\u00bb border_color=\u00bb\u00bb css=\u00bb.vc_custom_1606989854438{background-color: #ffffff !important;}\u00bb][vc_column min_height=\u00bb\u00bb bg_type=\u00bb\u00bb dima_canvas_style=\u00bb\u00bb translate_x=\u00bb0&#8243; dima_z_index=\u00bb0&#8243; delay=\u00bb\u00bb delay_duration=\u00bb\u00bb delay_offset=\u00bb\u00bb width=\u00bb1\/3&#8243;][vc_single_image image=\u00bb2001&#8243; img_size=\u00bblarge\u00bb][\/vc_column][vc_column min_height=\u00bb\u00bb bg_type=\u00bb\u00bb dima_canvas_style=\u00bb\u00bb translate_x=\u00bb0&#8243; dima_z_index=\u00bb0&#8243; delay=\u00bb\u00bb delay_duration=\u00bb\u00bb delay_offset=\u00bb\u00bb width=\u00bb2\/3&#8243;]<h2  class=\"dima-custom-heading\" >Suscripci\u00f3n din\u00e1mica en seguros de vida y salud<\/h2><h4  class=\"dima-custom-heading\" >Combinando AktuarMed<sup>\u00ae<\/sup> y CDE<sup>\u00ae<\/sup><\/h4><p>\u00bfPor qu\u00e9 los solicitantes tienen que responder a docenas de preguntas m\u00e9dicas durante una solicitud, esperar d\u00edas o semanas para recibir una respuesta y, a menudo, necesitan responder todav\u00eda a m\u00e1s preguntas o proporcionar informes de sus m\u00e9dicos?<\/p>\n<p>RISK-CONSULTING ha desarrollado un nuevo enfoque en el que se gu\u00eda al solicitante por un di\u00e1logo interactivo de preguntas digitales donde no se hacen preguntas innecesarias y se toma una decisi\u00f3n de suscripci\u00f3n inmediata. Los macrodatos y el an\u00e1lisis de datos avanzado permiten la optimizaci\u00f3n del proceso y la generaci\u00f3n de decisiones de suscripci\u00f3n basadas en cientos de millones de a\u00f1os de pruebas m\u00e9dicas, mucho m\u00e1s de lo que un humano puede acceder. El nuevo proceso no est\u00e1 dise\u00f1ado para eliminar por completo la suscripci\u00f3n humana, pero significar\u00e1 que los suscriptores solo necesitan mirar las solicitudes que realmente merecen su intervenci\u00f3n. Por lo tanto, la aseguradora puede entregar un presupuesto vinculante que incluya documentaci\u00f3n de la p\u00f3liza en solo minutos para m\u00e1s del 90 % de las solicitudes.<\/p>\n<p>El primer paso para recopilar el historial m\u00e9dico del solicitante lo realiza la galardonada herramienta de RISK-CONSULTING para la exploraci\u00f3n de diagn\u00f3stico sensible al contexto CDE<sup>\u00ae<\/sup>. A continuaci\u00f3n, CDE<sup>\u00ae<\/sup> pasa los datos de la solicitud al sistema de suscripci\u00f3n basado en evidencias de RISK-CONSULTING, AktuarMed<sup>\u00ae<\/sup>, que realiza la evaluaci\u00f3n de riesgos.<\/p>\n<p><strong><a href=\"mailto:info@risk-consulting.com?subject=Informaci\u00f3n%20-%20Suscripci\u00f3n%20din\u00e1mica%20en%20seguros%20de%20vida%20y%20salud\">Para obtener m\u00e1s informaci\u00f3n, p\u00f3ngase en contacto con nosotros<\/a><\/strong><\/p>\n[\/vc_column][\/vc_row][vc_row bg_type=\u00bb\u00bb dima_canvas_style=\u00bb\u00bb translate_x=\u00bb0&#8243; dima_z_index=\u00bb0&#8243; delay=\u00bb\u00bb delay_duration=\u00bb\u00bb delay_offset=\u00bb\u00bb id=\u00bb\u00bb class=\u00bb\u00bb border_color=\u00bb\u00bb css=\u00bb.vc_custom_1610708077823{background-color: rgba(0,108,204,0.37) !important;*background-color: rgb(0,108,204) !important;}\u00bb][vc_column min_height=\u00bb\u00bb bg_type=\u00bb\u00bb dima_canvas_style=\u00bb\u00bb translate_x=\u00bb0&#8243; dima_z_index=\u00bb0&#8243; delay=\u00bb\u00bb delay_duration=\u00bb\u00bb delay_offset=\u00bb\u00bb width=\u00bb2\/3&#8243;]<h2  class=\"dima-custom-heading\" >Modelos predictivos para seguros sobre la propiedad y de accidentes<\/h2><h4  class=\"dima-custom-heading\" >Expectativas de siniestros, caducidades y ventas cruzadas<\/h4><p>En el campo de seguros multiramos, la diversidad de cuotas de un ramo al otro, pero tambi\u00e9n entre diversas compa\u00f1\u00edas de seguro dentro del mismo ramo, es muy amplia. Este rango se debe solo en parte a los diferentes niveles de costes, pero sobre todo a la respectiva evaluaci\u00f3n de la estructura de riesgo de la cartera por parte de la aseguradora.<\/p>\n<p>El conocimiento detallado y la evaluaci\u00f3n de los riesgos y oportunidades existentes y futuras son indispensables para la gesti\u00f3n eficaz de una cartera de propiedades y siniestros. RISK-CONSULTING ha analizado las carteras de diferentes ramos, como veh\u00edculos de motor, edificios residenciales, contenido del hogar o seguros de responsabilidad civil para varias compa\u00f1\u00edas de seguros en Alemania. Se crearon predicciones individualizadas para la expectativa de siniestros, el riesgo de caducidad y el potencial de venta cruzada de los clientes.<\/p>\n<p>Sobre esta base, es posible fortalecer las relaciones con los clientes, ajustar los pagos en funci\u00f3n del riesgo y evitar aumentos de las primas sobre una base amplia.<\/p>\n<p><strong><a href=\"mailto:info@risk-consulting.com?subject=Informaci\u00f3n - Modelos predictivos para seguros sobre la propiedad y de accidentes\">Para obtener m\u00e1s informaci\u00f3n, p\u00f3ngase en contacto con nosotros<\/a><\/strong><\/p>\n[\/vc_column][vc_column min_height=\u00bb\u00bb bg_type=\u00bb\u00bb dima_canvas_style=\u00bb\u00bb translate_x=\u00bb0&#8243; dima_z_index=\u00bb0&#8243; delay=\u00bb\u00bb delay_duration=\u00bb\u00bb delay_offset=\u00bb\u00bb width=\u00bb1\/3&#8243;][vc_single_image image=\u00bb2002&#8243; img_size=\u00bblarge\u00bb][\/vc_column][\/vc_row][vc_row bg_type=\u00bb\u00bb dima_canvas_style=\u00bb\u00bb translate_x=\u00bb0&#8243; dima_z_index=\u00bb0&#8243; delay=\u00bb\u00bb delay_duration=\u00bb\u00bb delay_offset=\u00bb\u00bb id=\u00bb\u00bb class=\u00bb\u00bb border_color=\u00bb\u00bb css=\u00bb.vc_custom_1612443890122{background-color: #ffffff !important;}\u00bb][vc_column min_height=\u00bb\u00bb bg_type=\u00bb\u00bb dima_canvas_style=\u00bb\u00bb translate_x=\u00bb0&#8243; dima_z_index=\u00bb0&#8243; delay=\u00bb\u00bb delay_duration=\u00bb\u00bb delay_offset=\u00bb\u00bb width=\u00bb1\/3&#8243;][vc_single_image image=\u00bb2008&#8243; img_size=\u00bblarge\u00bb][\/vc_column][vc_column min_height=\u00bb\u00bb bg_type=\u00bb\u00bb dima_canvas_style=\u00bb\u00bb translate_x=\u00bb0&#8243; dima_z_index=\u00bb0&#8243; delay=\u00bb\u00bb delay_duration=\u00bb\u00bb delay_offset=\u00bb\u00bb width=\u00bb2\/3&#8243;]<h2  class=\"dima-custom-heading\" >Segunda opini\u00f3n sobre las reservas IBNR<\/h2><h4  class=\"dima-custom-heading\" >Mejora de la estimaci\u00f3n de siniestros con obligaciones contra\u00eddas<\/h4><p>En productos con una gran proporci\u00f3n de siniestros con obligaciones contra\u00eddas, como el seguro de responsabilidad civil por da\u00f1os a la propiedad, el c\u00e1lculo de la reserva necesaria plantea un especial desaf\u00edo. En las fuentes pertinentes, y a menudo tambi\u00e9n en la propia aseguradora, no existe una base de datos v\u00e1lida para ello, en particular sobre los \u00edndices de p\u00e9rdida final y patrones de desarrollo.<\/p>\n<p>A RISK-CONSULTING se le encarg\u00f3 investigar la adecuaci\u00f3n de las reservas IBNR de una aseguradora y desarrollar propuestas para mejorar la metodolog\u00eda de reserva. RISK-CONSULTING estableci\u00f3 un procedimiento espec\u00edfico de crecimiento de cuotas para este fin. Con esto, los \u00edndices de p\u00e9rdida final de los a\u00f1os de ocurrencia individuales se estimaron sobre la base de los datos de la aseguradora, por un lado, y sobre la base de los datos de mercado, por el otro. Los resultados obtenidos de esta manera se agruparon mediante un procedimiento de credibilidad. Esto tambi\u00e9n permiti\u00f3 a la aseguradora predecir la fecha en la que puede evaluar los \u00edndices de p\u00e9rdida final \u00fanicamente sobre la base de sus propios datos.<\/p>\n<p>Bas\u00e1ndose en estos resultados, la aseguradora consigui\u00f3 que las reservas de siniestros estuvieran m\u00e1s orientadas al riesgo y ajustar su estrategia de reservas en consecuencia.<\/p>\n<p><strong><a href=\"mailto:info@risk-consulting.com?subject=Informaci\u00f3n - Segunda opini\u00f3n sobre las reservas IBNR\">Para obtener m\u00e1s informaci\u00f3n, p\u00f3ngase en contacto con nosotros<\/a><\/strong><\/p>\n[\/vc_column][\/vc_row][vc_row bg_type=\u00bb\u00bb dima_canvas_style=\u00bb\u00bb translate_x=\u00bb0&#8243; dima_z_index=\u00bb0&#8243; delay=\u00bb\u00bb delay_duration=\u00bb\u00bb delay_offset=\u00bb\u00bb id=\u00bb\u00bb class=\u00bb\u00bb border_color=\u00bb\u00bb css=\u00bb.vc_custom_1610708077823{background-color: rgba(0,108,204,0.37) !important;*background-color: rgb(0,108,204) !important;}\u00bb][vc_column min_height=\u00bb\u00bb bg_type=\u00bb\u00bb dima_canvas_style=\u00bb\u00bb translate_x=\u00bb0&#8243; dima_z_index=\u00bb0&#8243; delay=\u00bb\u00bb delay_duration=\u00bb\u00bb delay_offset=\u00bb\u00bb width=\u00bb2\/3&#8243;]<h2  class=\"dima-custom-heading\" >Servicios adicionales para la historia cl\u00ednica digital<\/h2><h4  class=\"dima-custom-heading\" >AktuarCompress<sup>\u00ae<\/sup> en conexi\u00f3n con las plataformas de salud<\/h4><p>Comprender el propio estado de salud, es la base para una vida m\u00e1s sana y autodeterminada. Con las historias cl\u00ednicas digitales o electr\u00f3nicas (HCD\/HCE), los datos de salud de una persona est\u00e1n disponibles digitalmente en muchos pa\u00edses. Sin embargo, a menudo es dif\u00edcil para el asegurado identificar sus enfermedades esenciales y, en particular, los riesgos personales que conllevan.<\/p>\n<p>Para resolver este problema, RISK-CONSULTING ha desarrollado una aplicaci\u00f3n que resume los datos electr\u00f3nicos sobre sus enfermedades y tratamientos y permite al asegurado tener una visi\u00f3n general estructurada y f\u00e1cil de entender de su historial m\u00e9dico individual. Los puntos de referencia adicionales tambi\u00e9n permiten a la persona comparar su estado de salud con el de los dem\u00e1s.<\/p>\n<p>Adem\u00e1s, se determinan los riesgos individuales para la salud a largo plazo, as\u00ed como los riesgos a corto plazo, de ciertas enfermedades graves (diabetes, ataque card\u00edaco, depresi\u00f3n, etc.). De esta forma, la compa\u00f1\u00eda de seguros puede ofrecer servicios de apoyo y prevenci\u00f3n personalizados a los asegurados y ayudarles a evitar posibles enfermedades secundarias y cronificaciones.<\/p>\n<p><strong><a href=\"mailto:info@risk-consulting.com?subject=Informaci\u00f3n - Servicios adicionales para el historial cl\u00ednico electr\u00f3nico\">Para obtener m\u00e1s informaci\u00f3n, p\u00f3ngase en contacto con nosotros<\/a><\/strong><\/p>\n[\/vc_column][vc_column min_height=\u00bb\u00bb bg_type=\u00bb\u00bb dima_canvas_style=\u00bb\u00bb translate_x=\u00bb0&#8243; dima_z_index=\u00bb0&#8243; delay=\u00bb\u00bb delay_duration=\u00bb\u00bb delay_offset=\u00bb\u00bb width=\u00bb1\/3&#8243;][vc_single_image image=\u00bb2317&#8243; img_size=\u00bblarge\u00bb alignment=\u00bbcenter\u00bb][\/vc_column][\/vc_row][vc_row bg_type=\u00bb\u00bb dima_canvas_style=\u00bb\u00bb translate_x=\u00bb0&#8243; dima_z_index=\u00bb0&#8243; delay=\u00bb\u00bb delay_duration=\u00bb\u00bb delay_offset=\u00bb\u00bb id=\u00bb\u00bb class=\u00bb\u00bb border_color=\u00bb\u00bb css=\u00bb.vc_custom_1612443890122{background-color: #ffffff !important;}\u00bb][vc_column min_height=\u00bb\u00bb bg_type=\u00bb\u00bb dima_canvas_style=\u00bb\u00bb translate_x=\u00bb0&#8243; dima_z_index=\u00bb0&#8243; delay=\u00bb\u00bb delay_duration=\u00bb\u00bb delay_offset=\u00bb\u00bb width=\u00bb1\/3&#8243;][vc_single_image image=\u00bb2004&#8243; img_size=\u00bbfull\u00bb][\/vc_column][vc_column min_height=\u00bb\u00bb bg_type=\u00bb\u00bb dima_canvas_style=\u00bb\u00bb translate_x=\u00bb0&#8243; dima_z_index=\u00bb0&#8243; delay=\u00bb\u00bb delay_duration=\u00bb\u00bb delay_offset=\u00bb\u00bb width=\u00bb2\/3&#8243;]<h2  class=\"dima-custom-heading\" >Desarrollo del producto: Discapacidad funcional<\/h2><h4  class=\"dima-custom-heading\" >Evaluaci\u00f3n actuarial de enfermedades y da\u00f1os en los \u00f3rganos<\/h4><p>Los productos referentes a la discapacidad funcional proporcionan protecci\u00f3n contra las consecuencias econ\u00f3micas de accidentes y enfermedades graves.<\/p>\n<p>RISK-CONSULTING ha desarrollado su propio concepto de producto para esta categor\u00eda de productos y ha derivado los supuestos actuariales para calcular los componentes individuales del producto: accidente, deterioro de los \u00f3rganos, c\u00e1nceres, p\u00e9rdida de habilidades b\u00e1sicas, necesidad de atenci\u00f3n y un pago global por emergencia. Se prest\u00f3 especial atenci\u00f3n a la superposici\u00f3n de los componentes individuales del producto y su demarcaci\u00f3n limpia. Adem\u00e1s de la experiencia actuarial de RISK-CONSULTING, tambi\u00e9n requiri\u00f3 de conocimientos espec\u00edficos en estad\u00edsticas m\u00e9dicas.<\/p>\n<p>Nuestros conocimientos interdisciplinarios tambi\u00e9n nos permitieron brindar un apoyo integral en todos los asuntos actuariales a la compa\u00f1\u00eda de seguros de accidentes durante la introducci\u00f3n de este producto. El producto lleva teniendo \u00e9xito en el mercado alem\u00e1n desde hace varios a\u00f1os.<\/p>\n<p><strong><a href=\"mailto:info@risk-consulting.com?subject=Informaci\u00f3n - Desarrollo del producto: Discapacidad funcional\">Para obtener m\u00e1s informaci\u00f3n, p\u00f3ngase en contacto con nosotros<\/a><\/strong><\/p>\n[\/vc_column][\/vc_row][vc_row bg_type=\u00bb\u00bb dima_canvas_style=\u00bb\u00bb translate_x=\u00bb0&#8243; dima_z_index=\u00bb0&#8243; delay=\u00bb\u00bb delay_duration=\u00bb\u00bb delay_offset=\u00bb\u00bb id=\u00bb\u00bb class=\u00bb\u00bb border_color=\u00bb\u00bb css=\u00bb.vc_custom_1610708077823{background-color: rgba(0,108,204,0.37) !important;*background-color: rgb(0,108,204) !important;}\u00bb][vc_column min_height=\u00bb\u00bb bg_type=\u00bb\u00bb dima_canvas_style=\u00bb\u00bb translate_x=\u00bb0&#8243; dima_z_index=\u00bb0&#8243; delay=\u00bb\u00bb delay_duration=\u00bb\u00bb delay_offset=\u00bb\u00bb width=\u00bb2\/3&#8243;]<h2  class=\"dima-custom-heading\" >Automatizaci\u00f3n de renovaciones y cambios de producto<\/h2><h4  class=\"dima-custom-heading\" >Combinando AktuarMed<sup>\u00ae<\/sup> y AktuarCompress<sup>\u00ae<\/sup><\/h4><p>En los productos con renovaciones anuales, el asegurador a menudo tiene en cuenta las actuaciones m\u00e9dicas de la persona asegurada al suscribir la renovaci\u00f3n de la p\u00f3liza. Lo mismo se aplica cuando una persona asegurada desea cambiar de un producto de seguro a otro diferente con mayores ventajas. La determinaci\u00f3n del estado de salud a menudo se realiza de forma manual o solo parcialmente automatizada. Las aseguradoras est\u00e1n obligadas a buscar en extensos registros de actuaciones m\u00e9dicas y extraer las condiciones m\u00e9dicas relevantes. Es dif\u00edcil de gestionar en las condiciones dadas y requiere mucho tiempo y dinero.<\/p>\n<p>Para solucionar este problema, RISK-CONSULTING ha desarrollado AktuarCompress<sup>\u00ae<\/sup>, una herramienta que analiza autom\u00e1ticamente todo el historial de actuaciones m\u00e9dicas de un asegurado e identifica las condiciones pertinentes. AktuarCompress<sup>\u00ae<\/sup> puede operar en cualquier pa\u00eds donde los datos de las actuaciones m\u00e9dicas contengan las condiciones tratadas y un sistema de codificaci\u00f3n sistem\u00e1tico. Todos los diagn\u00f3sticos asociados con una enfermedad se resumen y representan mediante un diagn\u00f3stico \u00abprincipal\u00bb relacionado con el caso. En este proceso se resuelven diagn\u00f3sticos poco claros o inexactos, se filtran datos sin importancia y no plausibles o datos incorrectos.<\/p>\n<p>La combinaci\u00f3n de AktuarCompress<sup>\u00ae<\/sup> y el sistema de suscripci\u00f3n basado en evidencias de RISK-CONSULTING, AktuarMed<sup>\u00ae<\/sup>, permite que m\u00e1s del 90 % de las renovaciones y cambios de productos se procesen autom\u00e1ticamente. Varias aseguradoras importantes en Alemania han estado utilizando con \u00e9xito la herramienta para automatizar los cambios de productos desde 2016.<\/p>\n<p><strong><a href=\"mailto:info@risk-consulting.com?subject=Informaci\u00f3n - Automatizaci\u00f3n de renovaciones y cambios de producto\">Para obtener m\u00e1s informaci\u00f3n, p\u00f3ngase en contacto con nosotros<\/a><\/strong><\/p>\n[\/vc_column][vc_column min_height=\u00bb\u00bb bg_type=\u00bb\u00bb dima_canvas_style=\u00bb\u00bb translate_x=\u00bb0&#8243; dima_z_index=\u00bb0&#8243; delay=\u00bb\u00bb delay_duration=\u00bb\u00bb delay_offset=\u00bb\u00bb width=\u00bb1\/3&#8243;][vc_single_image image=\u00bb2006&#8243; img_size=\u00bblarge\u00bb][\/vc_column][\/vc_row]<\/p>\n<\/div>","protected":false},"excerpt":{"rendered":"<p>[vc_row bg_type=\u00bb\u00bb dima_canvas_style=\u00bb\u00bb translate_x=\u00bb0&#8243; dima_z_index=\u00bb0&#8243; delay=\u00bb\u00bb delay_duration=\u00bb\u00bb delay_offset=\u00bb\u00bb id=\u00bb\u00bb class=\u00bb\u00bb border_color=\u00bb\u00bb css=\u00bb.vc_custom_1612444697141{margin-bottom: -50px !important;}\u00bb][vc_column min_height=\u00bb\u00bb bg_type=\u00bb\u00bb dima_canvas_style=\u00bb\u00bb translate_x=\u00bb0&#8243; dima_z_index=\u00bb0&#8243; delay=\u00bb\u00bb delay_duration=\u00bb\u00bb delay_offset=\u00bb\u00bb width=\u00bb1\/1&#8243;][vc_row_inner bg_type=\u00bb\u00bb dima_canvas_style=\u00bb\u00bb translate_x=\u00bb0&#8243; dima_z_index=\u00bb0&#8243; id=\u00bb\u00bb class=\u00bb\u00bb style=\u00bb\u00bb css=\u00bb.vc_custom_1612452367440{margin-top: 70px !important;}\u00bb border_color=\u00bb\u00bb][vc_column_inner delay=\u00bb\u00bb delay_duration=\u00bb\u00bb delay_offset=\u00bb\u00bb translate_x=\u00bb0&#8243; dima_z_index=\u00bb0&#8243; width=\u00bb1\/3&#8243;][vc_single_image image=\u00bb1821&#8243; img_size=\u00bblarge\u00bb][\/vc_column_inner][vc_column_inner delay=\u00bb\u00bb delay_duration=\u00bb\u00bb delay_offset=\u00bb\u00bb translate_x=\u00bb0&#8243; dima_z_index=\u00bb0&#8243; width=\u00bb2\/3&#8243;][\/vc_column_inner][\/vc_row_inner][\/vc_column][\/vc_row][vc_row bg_type=\u00bb\u00bb dima_canvas_style=\u00bb\u00bb translate_x=\u00bb0&#8243; dima_z_index=\u00bb0&#8243; delay=\u00bb\u00bb delay_duration=\u00bb\u00bb delay_offset=\u00bb\u00bb [&hellip;]<\/p>\n","protected":false},"author":4,"featured_media":0,"parent":0,"menu_order":0,"comment_status":"closed","ping_status":"closed","template":"","meta":{"footnotes":""},"class_list":["post-2652","page","type-page","status-publish","hentry"],"_links":{"self":[{"href":"https:\/\/risk-consulting.de\/es\/wp-json\/wp\/v2\/pages\/2652"}],"collection":[{"href":"https:\/\/risk-consulting.de\/es\/wp-json\/wp\/v2\/pages"}],"about":[{"href":"https:\/\/risk-consulting.de\/es\/wp-json\/wp\/v2\/types\/page"}],"author":[{"embeddable":true,"href":"https:\/\/risk-consulting.de\/es\/wp-json\/wp\/v2\/users\/4"}],"replies":[{"embeddable":true,"href":"https:\/\/risk-consulting.de\/es\/wp-json\/wp\/v2\/comments?post=2652"}],"version-history":[{"count":23,"href":"https:\/\/risk-consulting.de\/es\/wp-json\/wp\/v2\/pages\/2652\/revisions"}],"predecessor-version":[{"id":2972,"href":"https:\/\/risk-consulting.de\/es\/wp-json\/wp\/v2\/pages\/2652\/revisions\/2972"}],"wp:attachment":[{"href":"https:\/\/risk-consulting.de\/es\/wp-json\/wp\/v2\/media?parent=2652"}],"curies":[{"name":"wp","href":"https:\/\/api.w.org\/{rel}","templated":true}]}}