{"id":2635,"date":"2022-01-07T10:46:22","date_gmt":"2022-01-07T10:46:22","guid":{"rendered":"https:\/\/risk-consulting.de\/?page_id=2635"},"modified":"2023-01-06T08:57:41","modified_gmt":"2023-01-06T08:57:41","slug":"nosotros","status":"publish","type":"page","link":"https:\/\/risk-consulting.de\/es\/nosotros\/","title":{"rendered":"Nosotros"},"content":{"rendered":"<div class=\"wpb-content-wrapper\"><p>[vc_row bg_type=\u00bb\u00bb dima_canvas_style=\u00bb\u00bb translate_x=\u00bb0&#8243; dima_z_index=\u00bb0&#8243; delay=\u00bb\u00bb delay_duration=\u00bb\u00bb delay_offset=\u00bb\u00bb][vc_column min_height=\u00bb\u00bb bg_type=\u00bb\u00bb dima_canvas_style=\u00bb\u00bb translate_x=\u00bb0&#8243; dima_z_index=\u00bb0&#8243; delay=\u00bb\u00bb delay_duration=\u00bb\u00bb delay_offset=\u00bb\u00bb width=\u00bb1\/1&#8243;]<h1>Qui\u00e9nes somos<\/h1>\n<p>RISK-CONSULTING Prof. Dr. Weyer GmbH fue fundada en 1992 por J\u00fcrgen Weyer, profesor de Matem\u00e1ticas Aplicadas en la Universidad de Colonia y especialista en epidemiolog\u00eda y estad\u00edstica m\u00e9dica. El Prof. Dr. Weyer incorpor\u00f3 estos conocimientos en RISK-CONSULTING, donde constituye la base de muchos de nuestros exitosos productos y herramientas. En la actualidad, la empresa es l\u00edder en el \u00e1rea del an\u00e1lisis de datos y consultor\u00eda actuarial tanto en seguros personales como contra accidentes y riesgos.<\/p>\n<p>Una especialidad de RISK-CONSULTING es el an\u00e1lisis y evaluaci\u00f3n de grandes bases de datos utilizando la extracci\u00f3n de datos y la modelizaci\u00f3n predictiva. RISK-CONSULTING apoya a las aseguradoras en la gesti\u00f3n de su negocio para aumentar las ganancias, intensificar el enfoque en el cliente y lograr una mayor automatizaci\u00f3n de los procesos. Con nuestros conocimientos espec\u00edficos, desarrollamos conceptos y soluciones para la selecci\u00f3n y el control de riesgos, as\u00ed como para la optimizaci\u00f3n de los procesos. Con el sistema de suscripci\u00f3n basado en la evidencia AktuarMed<sup>\u00ae<\/sup>, RISK-CONSULTING es el l\u00edder de mercado en el campo de la evaluaci\u00f3n de riesgos para seguros de salud privados en Alemania, Austria y Luxemburgo, adem\u00e1s de ser l\u00edderes de opini\u00f3n reconocidos por Google y S\u00fcddeutsche Zeitung por nuestras herramientas AktuarCompress<sup>\u00ae<\/sup> y CDE<sup>\u00ae<\/sup>. \u00a1Nuestras herramientas basadas en datos est\u00e1n digitalizando el sector de los seguros!<\/p>\n[\/vc_column][\/vc_row][vc_row bg_type=\u00bb\u00bb dima_canvas_style=\u00bb\u00bb translate_x=\u00bb0&#8243; dima_z_index=\u00bb0&#8243; delay=\u00bb\u00bb delay_duration=\u00bb\u00bb delay_offset=\u00bb\u00bb top_and_bottom_padding=\u00bb\u00bb left_and_right_padding=\u00bb\u00bb bg_color=\u00bb#f7fafc\u00bb class=\u00bb\u00bb style=\u00bb\u00bb id=\u00bb\u00bb css=\u00bb.vc_custom_1607556253857{border-top-width: -50px !important;padding-top: -50px !important;background-color: #e0e0e0 !important;}\u00bb border_color=\u00bb\u00bb][vc_column min_height=\u00bb\u00bb bg_type=\u00bb\u00bb dima_canvas_style=\u00bb\u00bb translate_x=\u00bb0&#8243; dima_z_index=\u00bb0&#8243; delay=\u00bb\u00bb delay_duration=\u00bb\u00bb delay_offset=\u00bb\u00bb top_and_bottom_padding=\u00bb\u00bb left_and_right_padding=\u00bb\u00bb width=\u00bb1\/1&#8243;]<h2 style=\"text-align: center;\">Gesti\u00f3n<\/h2>\n[vc_row_inner bg_type=\u00bb\u00bb dima_canvas_style=\u00bb\u00bb translate_x=\u00bb0&#8243; dima_z_index=\u00bb0&#8243;][vc_column_inner delay=\u00bb\u00bb delay_duration=\u00bb\u00bb delay_offset=\u00bb\u00bb translate_x=\u00bb0&#8243; dima_z_index=\u00bb0&#8243; width=\u00bb1\/2&#8243;][vc_single_image image=\u00bb540&#8243; img_size=\u00bbmedium\u00bb alignment=\u00bbcenter\u00bb style=\u00bbvc_box_circle_2&#8243;]<h3  class=\"dima-custom-heading text-center\" >Thorsten Honcamp<\/h3><p>Thorsten Honcamp es licenciado en Matem\u00e1ticas y actuario de la DAV. Desde 1995 ha trabajado en diversos puestos en RISK-CONSULTING, y desde 2011 es director general de la organizaci\u00f3n. Thorsten participa regularmente como ponente en conferencias especializadas en temas actuariales y relacionados con el an\u00e1lisis de datos.<\/p>\n[\/vc_column_inner][vc_column_inner delay=\u00bb\u00bb delay_duration=\u00bb\u00bb delay_offset=\u00bb\u00bb translate_x=\u00bb0&#8243; dima_z_index=\u00bb0&#8243; width=\u00bb1\/2&#8243;][vc_single_image image=\u00bb3062&#8243; img_size=\u00bbmedium\u00bb alignment=\u00bbcenter\u00bb style=\u00bbvc_box_circle_2&#8243;]<h3  class=\"dima-custom-heading text-center\" >Dr.-Ing. S\u00f6ren Weyer<\/h3><p>Dr.-Ing. S\u00f6ren Weyer (nacido en 1985) estudi\u00f3 ingenier\u00eda en la Universidad T\u00e9cnica de Aquisgr\u00e1n. Complet\u00f3 su doctorado en la C\u00e1tedra de Tecnolog\u00eda de la Informaci\u00f3n M\u00e9dica centr\u00e1ndose en la inteligencia artificial (IA) y el an\u00e1lisis de datos. Como colaborador cient\u00edfico, tambi\u00e9n realiz\u00f3 personalmente ex\u00e1menes cl\u00ednicos en pacientes del Hospital Universitario de Aquisgr\u00e1n. Posteriormente, S\u00f6ren Weyer trabaj\u00f3 durante 7 a\u00f1os como consultor directivo para el proveedor lider en el campo de auditor\u00edas y certificaciones para la seguridad funcional, la ciberseguridad y la an\u00e1lisis de riesgos. En particular, el ha cooperado con la empresa californiana predominante en el campo de la inform\u00e1tica de IA. S\u00f6ren Weyer es especialista en el campo del desarollo y admisi\u00f3n legal de algoritmos y aplicaciones cr\u00edticas para la seguridad. Tiene amplia experiencia internacional en Europa, Am\u00e9rica y Asia. S\u00f6ren Weyer es copropietario de RISK-CONSULTING desde 2014 y gerente de esta empresa desde 2023.<\/p>\n[\/vc_column_inner][\/vc_row_inner][\/vc_column][\/vc_row][vc_row bg_type=\u00bb\u00bb dima_canvas_style=\u00bb\u00bb translate_x=\u00bb0&#8243; dima_z_index=\u00bb0&#8243; delay=\u00bb\u00bb delay_duration=\u00bb\u00bb delay_offset=\u00bb\u00bb][vc_column min_height=\u00bb\u00bb bg_type=\u00bb\u00bb dima_canvas_style=\u00bb\u00bb translate_x=\u00bb0&#8243; dima_z_index=\u00bb0&#8243; delay=\u00bb\u00bb delay_duration=\u00bb\u00bb delay_offset=\u00bb\u00bb width=\u00bb1\/1&#8243; id=\u00bb\u00bb class=\u00bb\u00bb style=\u00bb\u00bb border_color=\u00bb\u00bb]<div  class=\"dima-iconbox no-box text-center features-box\" ><header  class=\"icon-box-header\" ><div class=\"image-cropper thumb  larg  \" ><img loading=\"lazy\" decoding=\"async\" class=\"background-image\" src=\"https:\/\/risk-consulting.de\/wp-content\/uploads\/2020\/09\/2016trans.png\" width=\"505\" height=\"380\" alt=\"\"><\/div><\/header><div  class=\"features-content\" ><h5 class=\"features-title no-title-hover\" style=\"color:#000000;\">RISK-CONSULTING elegida como Forward Thinker por Google y SZ<\/h5>El 6 de diciembre de 2016 Google y S\u00fcddeutsche Zeitung (SZ) anunciaron los ganadores de los premios Digital Lighthouse por proyectos de digitalizaci\u00f3n ejemplares en el sector de los seguros. RISK-CONSULTING recibi\u00f3 el primer premio en la categor\u00eda especial \u00abForward Thinker\u00bb por el desarrollo de su sistema AktuarCompress<sup>\u00ae<\/sup>. AktuarCompress<sup>\u00ae<\/sup> es una herramienta que comprime los datos de los siniestros de personas con seguro de gastos m\u00e9dicos en informaci\u00f3n significativa y f\u00e1cil de interpretar. El historial de siniestros de cada individuo se reduce a un resumen estructurado de los datos m\u00e9dicos pertinentes, lo que ofrece al asegurador una visi\u00f3n hol\u00edstica del historial m\u00e9dico del asegurado. De esta forma, proporciona a la aseguradora una base de alta calidad para una amplia gama de aplicaciones automatizadas, incluidos programas de gesti\u00f3n de la salud, campa\u00f1as de venta cruzada y gesti\u00f3n de siniestros. AktuarCompress<sup>\u00ae<\/sup> permite un uso eficiente de la informaci\u00f3n contenida en los datos de los siniestros.<\/div><\/div><div  class=\"dima-clear\" style=\"padding-bottom:20px\"><\/div>[vc_btn title=\u00bbAktuarCompress<sup>\u00ae<\/sup>\u00bb style=\u00bbflat\u00bb shape=\u00bbround\u00bb color=\u00bbprimary\u00bb align=\u00bbcenter\u00bb i_icon_fontawesome=\u00bbfas fa-compress-arrows-alt\u00bb add_icon=\u00bbtrue\u00bb link=\u00bburl:https%3A%2F%2Frisk-consulting.de%2Fes%2Fherramientas%2Faktuarcompress%2F|title:AktuarCompress\u00bb][\/vc_column][\/vc_row][vc_row bg_type=\u00bb\u00bb dima_canvas_style=\u00bb\u00bb translate_x=\u00bb0&#8243; dima_z_index=\u00bb0&#8243; delay=\u00bb\u00bb delay_duration=\u00bb\u00bb delay_offset=\u00bb\u00bb id=\u00bbCDE\u00bb class=\u00bb\u00bb border_color=\u00bb\u00bb css=\u00bb.vc_custom_1606392402056{margin-top: -100px !important;}\u00bb][vc_column min_height=\u00bb\u00bb bg_type=\u00bb\u00bb dima_canvas_style=\u00bb\u00bb translate_x=\u00bb0&#8243; dima_z_index=\u00bb0&#8243; delay=\u00bb\u00bb delay_duration=\u00bb\u00bb delay_offset=\u00bb\u00bb width=\u00bb1\/1&#8243; id=\u00bb\u00bb class=\u00bb\u00bb style=\u00bb\u00bb border_color=\u00bb\u00bb]<div  class=\"dima-iconbox no-box text-center features-box\" ><header  class=\"icon-box-header\" ><div class=\"image-cropper thumb  larg  \" ><img loading=\"lazy\" decoding=\"async\" class=\"background-image\" src=\"https:\/\/risk-consulting.de\/wp-content\/uploads\/2020\/09\/2018.png\" width=\"295\" height=\"199\" alt=\"\"><\/div><\/header><div  class=\"features-content\" ><h5 class=\"features-title no-title-hover\" style=\"color:#000000;\">RISK-CONSULTING galardonada por segunda vez como Forward Thinker<\/h5>El 4 de diciembre de 2018, Google y el S\u00fcddeutsche Zeitung anunciaron los ganadores de los premios Digital Lighthouse 2018. Estos premios se otorgan a los mejores proyectos de digitalizaci\u00f3n en el sector de los seguros. RISK-CONSULTING gan\u00f3 el premio en la categor\u00eda \u00abForward Thinker\u00bb por el desarrollo del sistema de exploraci\u00f3n de diagn\u00f3stico sensible al contexto CDE<sup>\u00ae<\/sup>. Se trata de la segunda vez que RISK-CONSULTING recibe este premio en los cinco a\u00f1os de historia del concurso. CDE<sup>\u00ae<\/sup> es una herramienta interactiva para la recopilaci\u00f3n del historial m\u00e9dico del solicitante en seguros de vida y de salud. Como funci\u00f3n especial, CDE<sup>\u00ae<\/sup> ofrece un di\u00e1logo de preguntas optimizado estad\u00edsticamente en funci\u00f3n de la situaci\u00f3n, que determina interactivamente para cada solicitante el orden y la profundidad de las preguntas formuladas. Mediante la recopilaci\u00f3n completa y digital de los datos del solicitante, CDE<sup>\u00ae<\/sup> permite la emisi\u00f3n inmediata de la p\u00f3liza en el punto de venta y favorece la digitalizaci\u00f3n del proceso de solicitud.<\/div><\/div><div  class=\"dima-clear\" style=\"padding-bottom:20px\"><\/div>[vc_btn title=\u00bbCDE<sup>\u00ae<\/sup>\u00bb style=\u00bbflat\u00bb shape=\u00bbround\u00bb color=\u00bbprimary\u00bb align=\u00bbcenter\u00bb i_icon_fontawesome=\u00bbfas fa-project-diagram\u00bb add_icon=\u00bbtrue\u00bb link=\u00bburl:https%3A%2F%2Frisk-consulting.de%2Fes%2Fherramientas%2Fcde%2F|title:CDE\u00bb][\/vc_column][\/vc_row]<\/p>\n<\/div>","protected":false},"excerpt":{"rendered":"<p>[vc_row bg_type=\u00bb\u00bb dima_canvas_style=\u00bb\u00bb translate_x=\u00bb0&#8243; dima_z_index=\u00bb0&#8243; delay=\u00bb\u00bb delay_duration=\u00bb\u00bb delay_offset=\u00bb\u00bb][vc_column min_height=\u00bb\u00bb bg_type=\u00bb\u00bb dima_canvas_style=\u00bb\u00bb translate_x=\u00bb0&#8243; dima_z_index=\u00bb0&#8243; delay=\u00bb\u00bb delay_duration=\u00bb\u00bb delay_offset=\u00bb\u00bb width=\u00bb1\/1&#8243;][\/vc_column][\/vc_row][vc_row bg_type=\u00bb\u00bb dima_canvas_style=\u00bb\u00bb translate_x=\u00bb0&#8243; dima_z_index=\u00bb0&#8243; delay=\u00bb\u00bb delay_duration=\u00bb\u00bb delay_offset=\u00bb\u00bb top_and_bottom_padding=\u00bb\u00bb left_and_right_padding=\u00bb\u00bb bg_color=\u00bb#f7fafc\u00bb class=\u00bb\u00bb style=\u00bb\u00bb id=\u00bb\u00bb css=\u00bb.vc_custom_1607556253857{border-top-width: -50px !important;padding-top: -50px !important;background-color: #e0e0e0 !important;}\u00bb border_color=\u00bb\u00bb][vc_column min_height=\u00bb\u00bb bg_type=\u00bb\u00bb dima_canvas_style=\u00bb\u00bb translate_x=\u00bb0&#8243; dima_z_index=\u00bb0&#8243; delay=\u00bb\u00bb delay_duration=\u00bb\u00bb delay_offset=\u00bb\u00bb top_and_bottom_padding=\u00bb\u00bb left_and_right_padding=\u00bb\u00bb width=\u00bb1\/1&#8243;][vc_row_inner bg_type=\u00bb\u00bb dima_canvas_style=\u00bb\u00bb translate_x=\u00bb0&#8243; dima_z_index=\u00bb0&#8243;][vc_column_inner delay=\u00bb\u00bb delay_duration=\u00bb\u00bb [&hellip;]<\/p>\n","protected":false},"author":4,"featured_media":0,"parent":0,"menu_order":0,"comment_status":"closed","ping_status":"closed","template":"","meta":{"footnotes":""},"class_list":["post-2635","page","type-page","status-publish","hentry"],"_links":{"self":[{"href":"https:\/\/risk-consulting.de\/es\/wp-json\/wp\/v2\/pages\/2635"}],"collection":[{"href":"https:\/\/risk-consulting.de\/es\/wp-json\/wp\/v2\/pages"}],"about":[{"href":"https:\/\/risk-consulting.de\/es\/wp-json\/wp\/v2\/types\/page"}],"author":[{"embeddable":true,"href":"https:\/\/risk-consulting.de\/es\/wp-json\/wp\/v2\/users\/4"}],"replies":[{"embeddable":true,"href":"https:\/\/risk-consulting.de\/es\/wp-json\/wp\/v2\/comments?post=2635"}],"version-history":[{"count":8,"href":"https:\/\/risk-consulting.de\/es\/wp-json\/wp\/v2\/pages\/2635\/revisions"}],"predecessor-version":[{"id":3065,"href":"https:\/\/risk-consulting.de\/es\/wp-json\/wp\/v2\/pages\/2635\/revisions\/3065"}],"wp:attachment":[{"href":"https:\/\/risk-consulting.de\/es\/wp-json\/wp\/v2\/media?parent=2635"}],"curies":[{"name":"wp","href":"https:\/\/api.w.org\/{rel}","templated":true}]}}