{"id":2628,"date":"2022-01-07T10:30:46","date_gmt":"2022-01-07T10:30:46","guid":{"rendered":"https:\/\/risk-consulting.de\/?page_id=2628"},"modified":"2023-01-19T08:37:28","modified_gmt":"2023-01-19T08:37:28","slug":"contacto-aviso-legal","status":"publish","type":"page","link":"https:\/\/risk-consulting.de\/es\/contacto-aviso-legal\/","title":{"rendered":"Contacto \/ aviso legal"},"content":{"rendered":"<div class=\"wpb-content-wrapper\"><p>[vc_row bg_type=\u00bb\u00bb dima_canvas_style=\u00bb\u00bb translate_x=\u00bb0&#8243; dima_z_index=\u00bb0&#8243; delay=\u00bb\u00bb delay_duration=\u00bb\u00bb delay_offset=\u00bb\u00bb][vc_column min_height=\u00bb\u00bb bg_type=\u00bb\u00bb dima_canvas_style=\u00bb\u00bb translate_x=\u00bb0&#8243; dima_z_index=\u00bb0&#8243; delay=\u00bb\u00bb delay_duration=\u00bb\u00bb delay_offset=\u00bb\u00bb width=\u00bb1\/1&#8243;]<h1>Contacto y aviso legal<\/h1>\n<p>Estaremos encantados de ayudarle con cualquier consulta. Utilice las siguientes opciones de contacto:<\/p>\n<p><strong>Correo electr\u00f3nico:<\/strong> \u00a0<a href=\"mailto:info@risk-consulting.es\">info@risk-consulting.es<\/a><br \/><strong>Tel:<\/strong> +34 91 2158877<br \/><strong>Web<\/strong>: <a href=\"https:\/\/risk-consulting.de\/es\/\">risk-consulting.es<\/a><\/p>\n<h4>Direcci\u00f3n<\/h4>\n<p>RISK-CONSULTING Prof. Dr. Weyer GmbH<br \/>Hatzfeldstra\u00dfe 5<br \/>51069 Colonia<br \/>Alemania<\/p>\n<p>&nbsp;<\/p>\n<h3>Otra informaci\u00f3n<\/h3>\n<p>Director general: Thorsten Honcamp, Dr.-Ing. S\u00f6ren Weyer<br \/>Domicilio social: Colonia, Juzgado de Primera Instancia de Colonia, HRB 51020, NIF-IVA: DE 229658588<br \/>Alojamiento: INSIGMA IT Engineering GmbH, Frechen<br \/>Responsable del contenido: Dr.-Ing. S\u00f6ren Weyer<br \/>El contenido y la estructura del sitio web de RISK-CONSULTING est\u00e1n protegidos por derechos de autor.<\/p>\n<p><!-- \/wp:paragraph --><!-- \/wp:paragraph --><!-- \/wp:paragraph --><\/p>\n<p><!-- wp:paragraph -->El pie de imprenta se aplica a todos los sitios web de RISK-CONSULTING con dominios <a href=\"https:\/\/risk-consulting.de\/\">risk-consulting.de<\/a>, <a href=\"https:\/\/risk-consulting.de\/en\/\">risk-consulting.com<\/a> y <a href=\"https:\/\/risk-consulting.de\/es\/\">risk-consulting.es<\/a>, incluidos todos los subdominios (subp\u00e1ginas), as\u00ed como todos los dem\u00e1s sitios web o servicios de nuestra propiedad y operados por nosotros, que est\u00e1n vinculados a este pie de imprenta.<\/p>\n<p><!-- \/wp:paragraph --><\/p>\n<h4><!-- wp:paragraph -->Aviso legal<\/h4>\n<p><em>La versi\u00f3n alemana del pie de imprenta es la versi\u00f3n legalmente vinculante. La versi\u00f3n en espa\u00f1ol solo se proporciona por razones de comodidad.<\/em><\/p>\n<p><!-- \/wp:paragraph --><\/p>\n<p><!-- wp:paragraph -->RISK-CONSULTING Prof. Dr. Weyer GmbH (\u00abNosotros\u00bb) comprueba y actualiza constantemente la informaci\u00f3n en sus sitios web. Sin embargo, no se puede aceptar ninguna responsabilidad ni garantizar la actualidad, exactitud o integridad de la informaci\u00f3n proporcionada por nosotros. Esto se aplica en particular a los sitios web de terceros vinculados desde nuestros sitios web. No somos responsables del contenido de dichos sitios web. Nos reservamos el derecho de realizar cambios o adiciones al contenido proporcionado en cualquier momento. El contenido y la estructura de nuestros sitios web est\u00e1n protegidos por derechos de autor. La reproducci\u00f3n de datos o informaci\u00f3n, y en particular el uso de textos, textos parciales o im\u00e1genes, requiere nuestra autorizaci\u00f3n previa. Todas las marcas comerciales y descripciones de productos utilizadas est\u00e1n sujetas a la protecci\u00f3n de marcas comerciales o patentes y son propiedad de sus respectivos propietarios.<\/p>\n[\/vc_column][\/vc_row]<\/p><\/div>","protected":false},"excerpt":{"rendered":"<p>[vc_row bg_type=\u00bb\u00bb dima_canvas_style=\u00bb\u00bb translate_x=\u00bb0&#8243; dima_z_index=\u00bb0&#8243; delay=\u00bb\u00bb delay_duration=\u00bb\u00bb delay_offset=\u00bb\u00bb][vc_column min_height=\u00bb\u00bb bg_type=\u00bb\u00bb dima_canvas_style=\u00bb\u00bb translate_x=\u00bb0&#8243; dima_z_index=\u00bb0&#8243; delay=\u00bb\u00bb delay_duration=\u00bb\u00bb delay_offset=\u00bb\u00bb width=\u00bb1\/1&#8243;][\/vc_column][\/vc_row]<\/p>\n","protected":false},"author":4,"featured_media":0,"parent":0,"menu_order":0,"comment_status":"closed","ping_status":"closed","template":"","meta":{"footnotes":""},"class_list":["post-2628","page","type-page","status-publish","hentry"],"_links":{"self":[{"href":"https:\/\/risk-consulting.de\/es\/wp-json\/wp\/v2\/pages\/2628"}],"collection":[{"href":"https:\/\/risk-consulting.de\/es\/wp-json\/wp\/v2\/pages"}],"about":[{"href":"https:\/\/risk-consulting.de\/es\/wp-json\/wp\/v2\/types\/page"}],"author":[{"embeddable":true,"href":"https:\/\/risk-consulting.de\/es\/wp-json\/wp\/v2\/users\/4"}],"replies":[{"embeddable":true,"href":"https:\/\/risk-consulting.de\/es\/wp-json\/wp\/v2\/comments?post=2628"}],"version-history":[{"count":11,"href":"https:\/\/risk-consulting.de\/es\/wp-json\/wp\/v2\/pages\/2628\/revisions"}],"predecessor-version":[{"id":3072,"href":"https:\/\/risk-consulting.de\/es\/wp-json\/wp\/v2\/pages\/2628\/revisions\/3072"}],"wp:attachment":[{"href":"https:\/\/risk-consulting.de\/es\/wp-json\/wp\/v2\/media?parent=2628"}],"curies":[{"name":"wp","href":"https:\/\/api.w.org\/{rel}","templated":true}]}}