{"id":2614,"date":"2022-01-07T09:47:06","date_gmt":"2022-01-07T09:47:06","guid":{"rendered":"https:\/\/risk-consulting.de\/?page_id=2614"},"modified":"2023-01-06T09:01:57","modified_gmt":"2023-01-06T09:01:57","slug":"politica-privacidad","status":"publish","type":"page","link":"https:\/\/risk-consulting.de\/es\/politica-privacidad\/","title":{"rendered":"Pol\u00edtica de privacidad"},"content":{"rendered":"<div class=\"wpb-content-wrapper\"><p>[vc_row bg_type=\u00bb\u00bb dima_canvas_style=\u00bb\u00bb translate_x=\u00bb0&#8243; dima_z_index=\u00bb0&#8243; delay=\u00bb\u00bb delay_duration=\u00bb\u00bb delay_offset=\u00bb\u00bb][vc_column min_height=\u00bb\u00bb bg_type=\u00bb\u00bb dima_canvas_style=\u00bb\u00bb translate_x=\u00bb0&#8243; dima_z_index=\u00bb0&#8243; delay=\u00bb\u00bb delay_duration=\u00bb\u00bb delay_offset=\u00bb\u00bb width=\u00bb1\/1&#8243;][vc_column_text]<\/p>\n<h2>Pol\u00edtica de privacidad de este sitio web<\/h2>\n<h3>Protecci\u00f3n de datos<\/h3>\n<p>Hemos redactado esta declaraci\u00f3n de protecci\u00f3n de datos (versi\u00f3n 05.09.2022) para explicarle, de acuerdo con los requisitos del Reglamento General de Protecci\u00f3n de Datos (UE) 2016\/679, la informaci\u00f3n que recopilamos, la forma en que utilizamos los datos y las opciones de que dispone como visitante de este sitio web.<\/p>\n<h3>Nota sobre la entidad responsable<\/h3>\n<p>La autoridad responsable del procesamiento de datos en este sitio web es:<\/p>\n<p>RISK-CONSULTING Prof. Dr. Weyer GmbH<br \/>\nHatzfeldstr. 5<br \/>\n51069 Colonia (Alemania)<\/p>\n<p>Tel: +49 221 968479 &#8211; 0<br \/>\nCorreo electr\u00f3nico: <a href=\"mailto:privacy@risk-consulting.de\">privacy@risk-consulting.de<\/a><\/p>\n<p>La autoridad responsable es la persona f\u00edsica o jur\u00eddica que, sola o conjuntamente con otros, determina los fines y medios del procesamiento de datos personales (por ejemplo, nombres, direcciones de correo electr\u00f3nico, etc.).<\/p>\n<h3>Redes de alojamiento y distribuci\u00f3n del contenido (CDN)<\/h3>\n<h4>Alojamiento externo<\/h4>\n<p>Este sitio web est\u00e1 alojado por un proveedor de servicios externo (hoster). Los datos personales recopilados en este sitio web se almacenan en los servidores del hoster. Estos son los datos descritos en la siguiente secci\u00f3n (almacenamiento autom\u00e1tico de datos).<\/p>\n<p>El hoster se utiliza con el fin de cumplir con el contrato (art. 6 apartado 1 letra b del RGPD) y en inter\u00e9s de una provisi\u00f3n segura, r\u00e1pida y eficiente de nuestra presencia en l\u00ednea por parte de un proveedor profesional (art. 6 apartado 1 letra f del RGPD).<\/p>\n<p>Nuestro proveedor de alojamiento solo procesar\u00e1 sus datos en la medida necesaria para cumplir con sus obligaciones de servicio y seguir\u00e1 nuestras instrucciones con respecto a estos datos.<\/p>\n<p>Utilizamos el siguiente hoster:<\/p>\n<p>INSIGMA IT Engineering GmbH<br \/>\nEuropaallee 31<br \/>\n50226 Frechen<\/p>\n<h4>Celebraci\u00f3n de un contrato sobre el procesamiento de pedidos<\/h4>\n<p>Para garantizar el procesamiento conforme a la protecci\u00f3n de datos, hemos celebrado un contrato para el procesamiento de pedidos con nuestro hoster.<\/p>\n<h4>Almacenamiento autom\u00e1tico de datos<\/h4>\n<p>Hoy en d\u00eda, cuando visita sitios web, se crea y almacena autom\u00e1ticamente determinada informaci\u00f3n, tambi\u00e9n en este sitio web.<\/p>\n<p>Cuando visita nuestro sitio web, como lo est\u00e1 haciendo en este momento, nuestro servidor web almacena autom\u00e1ticamente datos como<\/p>\n<ul>\n<li>el nombre de host y la direcci\u00f3n IP del dispositivo desde el que se realiza el acceso<\/li>\n<li>la direcci\u00f3n (URL) del sitio web visitado<\/li>\n<li>el navegador y la versi\u00f3n del navegador<\/li>\n<li>el sistema operativo utilizado<\/li>\n<li>la direcci\u00f3n (URL) de la p\u00e1gina visitada anteriormente (URL de referencia)<\/li>\n<li>fecha y hora<\/li>\n<\/ul>\n<p>&nbsp;<\/p>\n<p>en archivos (archivos de registro del servidor web).<\/p>\n<h4>Periodo de almacenamiento<\/h4>\n<p>Por lo general, los archivos de registro del servidor web se almacenan durante dos semanas y luego se eliminan autom\u00e1ticamente. No transmitimos estos datos, pero no podemos excluir la posibilidad de que estos datos puedan visualizarse en caso de comportamiento ilegal.<\/p>\n<h4>Derechos en virtud del Reglamento General de Protecci\u00f3n de Datos<\/h4>\n<p>De acuerdo con las disposiciones del RGPD, generalmente tiene derecho a los siguientes derechos:<\/p>\n<ul>\n<li>Derecho de rectificaci\u00f3n (art\u00edculo 16 del RGPD)<\/li>\n<li>Derecho de eliminaci\u00f3n (\u00abderecho al olvido\u00bb) (art\u00edculo 17 del RGPD)<\/li>\n<li>Derecho a la restricci\u00f3n del procesamiento (art\u00edculo 18 del RGPD)<\/li>\n<li>Derecho de notificaci\u00f3n: obligaci\u00f3n de notificar en relaci\u00f3n con la rectificaci\u00f3n o borrado de datos personales o la restricci\u00f3n del procesamiento (art\u00edculo 19 del RGPD)<\/li>\n<li>Derecho a la portabilidad de los datos (art\u00edculo 20 del RGPD)<\/li>\n<li>Derecho de oposici\u00f3n (art\u00edculo 21 del RGPD)<\/li>\n<li>Derecho a no estar sujeto a una decisi\u00f3n basada \u00fanicamente en el procesamiento automatizado, incluida la elaboraci\u00f3n de perfiles (art\u00edculo 22 del RGPD).<\/li>\n<\/ul>\n<p>&nbsp;<\/p>\n<p>Si cree que el procesamiento de sus datos viola la ley de protecci\u00f3n de datos o que se han violado sus derechos de protecci\u00f3n de datos de alguna manera, puede contactar con la autoridad de control responsable. Si tiene alguna pregunta sobre este proceso o sobre la protecci\u00f3n de datos, puede ponerse en contacto con nosotros en cualquier momento.<\/p>\n<h4>Cifrado TLS con https<\/h4>\n<p>Utilizamos https para transmitir datos de forma segura en Internet (protecci\u00f3n de datos por dise\u00f1o de tecnolog\u00eda: art\u00edculo 25 (1) del RGPD). Mediante el uso de TLS (Transport Layer Security), un protocolo de cifrado para la transmisi\u00f3n segura de datos en Internet, podemos garantizar la protecci\u00f3n de los datos confidenciales.<\/p>\n<h4>Integraci\u00f3n de servicios y contenidos de terceros\/redes de distribuci\u00f3n de contenidos (CDN)<\/h4>\n<p>Utilizamos contenido u ofertas de servicios de proveedores externos en nuestro sitio web para integrar su contenido y servicios, como scripts o fuentes (en lo sucesivo, denominados conjuntamente \u00abcontenido\u00bb). En consecuencia, siempre es necesario que los proveedores terceros de este contenido conozcan la direcci\u00f3n IP del usuario, ya que sin la direcci\u00f3n IP no podr\u00edan enviar el contenido a su navegador. Por lo tanto, la direcci\u00f3n IP es necesaria para la visualizaci\u00f3n de este contenido. Nuestro objetivo es utilizar \u00fanicamente contenido cuyos respectivos proveedores solo utilicen la direcci\u00f3n IP para distribuir el contenido.<\/p>\n<p>A continuaci\u00f3n, se muestra una descripci\u00f3n general de los proveedores externos utilizados y su contenido, junto con enlaces a sus declaraciones de protecci\u00f3n de datos, que contienen m\u00e1s informaci\u00f3n sobre el procesamiento de datos y las opciones de exclusi\u00f3n voluntaria:<\/p>\n<ul>\n<li>Integramos iconos SVG externos de Fontawesome: https:\/\/use.fontawesome.com\/. La integraci\u00f3n tiene lugar mediante una llamada al servidor de la biblioteca de fuentes en los Estados Unidos. Pol\u00edtica de privacidad: <a href=\"https:\/\/fontawesome.com\/privacy\" target=\"_blank\" rel=\"noopener\">https:\/\/fontawesome.com\/privacy<\/a><\/li>\n<li>Integramos un script para animaciones a trav\u00e9s de la red de distribuci\u00f3n de contenidos Cloudflare. La integraci\u00f3n tiene lugar mediante una llamada al servidor en Estados Unidos. Pol\u00edtica de privacidad: <a href=\"https:\/\/www.cloudflare.com\/privacypolicy\" target=\"_blank\" rel=\"noopener\">https:\/\/www.cloudflare.com\/privacypolicy<\/a><\/li>\n<\/ul>\n<p>&nbsp;<\/p>\n<h3>Solicitud por correo electr\u00f3nico, tel\u00e9fono o carta<\/h3>\n<p>Si se pone en contacto con nosotros por correo electr\u00f3nico o por tel\u00e9fono, su consulta, incluidos todos los datos personales resultantes (nombre, consulta) ser\u00e1 almacenada y procesada por nosotros con el fin de procesar su solicitud. No transmitiremos estos datos sin su consentimiento.<\/p>\n<p>El procesamiento de estos datos se basa en el art. 6, apartado 1, letra b, del RGPD, si su solicitud est\u00e1 relacionada con la ejecuci\u00f3n de un contrato o es necesaria para la implementaci\u00f3n de medidas precontractuales. En todos los dem\u00e1s casos, el procesamiento se basa en nuestro inter\u00e9s leg\u00edtimo en el procesamiento eficaz de las solicitudes que se nos dirigen (art. 6, apartado 1, letra f del RGPD) o sobre su consentimiento (art. 6, apartado 1, letra a del RGPD) si lo ha solicitado.<\/p>\n<p>Los datos que nos proporcione permanecer\u00e1n con nosotros hasta que nos solicite que los eliminemos, retire su consentimiento para almacenarlos, o el prop\u00f3sito para almacenar los datos ya no se aplique (por ejemplo, despu\u00e9s de que hayamos completado el procesamiento de su solicitud). Las disposiciones legales obligatorias, en particular plazos legales de conservaci\u00f3n, no se ver\u00e1n afectadas.<\/p>\n<p>Fuentes: Creado con los generadores de protecci\u00f3n de datos <a href=\"https:\/\/www.e-recht24.de\/muster-datenschutzerklaerung.html\" target=\"_blank\" rel=\"noopener\">e-recht24.de<\/a> y <a href=\"https:\/\/www.adsimple.de\/datenschutz-generator\/\" target=\"_blank\" rel=\"noopener\">AdSimple<\/a> en colaboraci\u00f3n con <a href=\"https:\/\/www.slashtechnik.de\/\" target=\"_blank\" rel=\"noopener\">slashtechnik.de<\/a>[\/vc_column_text][\/vc_column][\/vc_row]<\/p>\n<\/div>","protected":false},"excerpt":{"rendered":"<p>[vc_row bg_type=\u00bb\u00bb dima_canvas_style=\u00bb\u00bb translate_x=\u00bb0&#8243; dima_z_index=\u00bb0&#8243; delay=\u00bb\u00bb delay_duration=\u00bb\u00bb delay_offset=\u00bb\u00bb][vc_column min_height=\u00bb\u00bb bg_type=\u00bb\u00bb dima_canvas_style=\u00bb\u00bb translate_x=\u00bb0&#8243; dima_z_index=\u00bb0&#8243; delay=\u00bb\u00bb delay_duration=\u00bb\u00bb delay_offset=\u00bb\u00bb width=\u00bb1\/1&#8243;][vc_column_text] Pol\u00edtica de privacidad de este sitio web Protecci\u00f3n de datos Hemos redactado esta declaraci\u00f3n de protecci\u00f3n de datos (versi\u00f3n 05.09.2022) para explicarle, de acuerdo con los requisitos del Reglamento General de Protecci\u00f3n de Datos (UE) 2016\/679, la informaci\u00f3n [&hellip;]<\/p>\n","protected":false},"author":4,"featured_media":0,"parent":0,"menu_order":0,"comment_status":"closed","ping_status":"closed","template":"","meta":{"footnotes":""},"class_list":["post-2614","page","type-page","status-publish","hentry"],"_links":{"self":[{"href":"https:\/\/risk-consulting.de\/es\/wp-json\/wp\/v2\/pages\/2614"}],"collection":[{"href":"https:\/\/risk-consulting.de\/es\/wp-json\/wp\/v2\/pages"}],"about":[{"href":"https:\/\/risk-consulting.de\/es\/wp-json\/wp\/v2\/types\/page"}],"author":[{"embeddable":true,"href":"https:\/\/risk-consulting.de\/es\/wp-json\/wp\/v2\/users\/4"}],"replies":[{"embeddable":true,"href":"https:\/\/risk-consulting.de\/es\/wp-json\/wp\/v2\/comments?post=2614"}],"version-history":[{"count":19,"href":"https:\/\/risk-consulting.de\/es\/wp-json\/wp\/v2\/pages\/2614\/revisions"}],"predecessor-version":[{"id":3066,"href":"https:\/\/risk-consulting.de\/es\/wp-json\/wp\/v2\/pages\/2614\/revisions\/3066"}],"wp:attachment":[{"href":"https:\/\/risk-consulting.de\/es\/wp-json\/wp\/v2\/media?parent=2614"}],"curies":[{"name":"wp","href":"https:\/\/api.w.org\/{rel}","templated":true}]}}